{"id":13812,"date":"2022-11-26T11:33:54","date_gmt":"2022-11-26T11:33:54","guid":{"rendered":"https:\/\/www.luxurytapas.com\/our-team\/"},"modified":"2024-05-23T13:28:54","modified_gmt":"2024-05-23T13:28:54","slug":"our-team","status":"publish","type":"page","link":"https:\/\/www.luxurytapas.com\/en\/our-team\/","title":{"rendered":"Our Team"},"content":{"rendered":"<p>[et_pb_section fb_built=&#8221;1&#8243; _builder_version=&#8221;4.19.1&#8243; _module_preset=&#8221;default&#8221; da_disable_devices=&#8221;off|off|off&#8221; global_colors_info=&#8221;{}&#8221; da_is_popup=&#8221;off&#8221; da_exit_intent=&#8221;off&#8221; da_has_close=&#8221;on&#8221; da_alt_close=&#8221;off&#8221; da_dark_close=&#8221;off&#8221; da_not_modal=&#8221;on&#8221; da_is_singular=&#8221;off&#8221; da_with_loader=&#8221;off&#8221; da_has_shadow=&#8221;on&#8221;][et_pb_row _builder_version=&#8221;4.19.1&#8243; _module_preset=&#8221;default&#8221; custom_padding=&#8221;||0px||false|false&#8221; global_colors_info=&#8221;{}&#8221;][et_pb_column type=&#8221;4_4&#8243; _builder_version=&#8221;4.19.1&#8243; _module_preset=&#8221;default&#8221; global_colors_info=&#8221;{}&#8221;][et_pb_text _builder_version=&#8221;4.25.1&#8243; _module_preset=&#8221;default&#8221; header_font=&#8221;Bodoni Moda||||||||&#8221; header_text_color=&#8221;#bc9d00&#8243; header_font_size=&#8221;32px&#8221; global_colors_info=&#8221;{}&#8221;]<\/p>\n<h1><span class=\"\">Discover the Luxury Tapas Team<\/span><\/h1>\n<p>[\/et_pb_text][et_pb_image src=&#8221;https:\/\/www.luxurytapas.com\/wp-content\/uploads\/2022\/11\/equipo-3.jpg&#8221; title_text=&#8221;equipo 3&#8243; _builder_version=&#8221;4.25.0&#8243; _module_preset=&#8221;default&#8221; global_colors_info=&#8221;{}&#8221;][\/et_pb_image][\/et_pb_column][\/et_pb_row][et_pb_row column_structure=&#8221;1_3,1_3,1_3&#8243; use_custom_gutter=&#8221;on&#8221; gutter_width=&#8221;2&#8243; make_equal=&#8221;on&#8221; _builder_version=&#8221;4.19.1&#8243; _module_preset=&#8221;default&#8221; global_colors_info=&#8221;{}&#8221;][et_pb_column type=&#8221;1_3&#8243; _builder_version=&#8221;4.19.1&#8243; _module_preset=&#8221;default&#8221; global_colors_info=&#8221;{}&#8221;][et_pb_blurb title=&#8221;CEO&#8221; image=&#8221;https:\/\/www.luxurytapas.com\/wp-content\/uploads\/2022\/11\/jose-manuel.jpg&#8221; _builder_version=&#8221;4.25.1&#8243; _module_preset=&#8221;default&#8221; header_font=&#8221;|600|||||||&#8221; header_text_color=&#8221;#bca21a&#8221; body_text_color=&#8221;#000000&#8243; body_font_size=&#8221;18px&#8221; link_option_url=&#8221;\/proyect\/direccion&#8221; link_option_url_new_window=&#8221;on&#8221; hover_enabled=&#8221;0&#8243; global_colors_info=&#8221;{}&#8221; sticky_enabled=&#8221;0&#8243;]<\/p>\n<p>Jos\u00e9 Manuel Huertas<\/p>\n<p>[\/et_pb_blurb][et_pb_blurb title=&#8221;Sales and Logistic&#8221; image=&#8221;https:\/\/www.luxurytapas.com\/wp-content\/uploads\/2022\/11\/elena.jpg&#8221; _builder_version=&#8221;4.25.1&#8243; _module_preset=&#8221;default&#8221; header_font=&#8221;|600|||||||&#8221; header_text_color=&#8221;#bca21a&#8221; body_text_color=&#8221;#000000&#8243; body_font_size=&#8221;18px&#8221; link_option_url_new_window=&#8221;on&#8221; hover_enabled=&#8221;0&#8243; global_colors_info=&#8221;{}&#8221; sticky_enabled=&#8221;0&#8243;]<\/p>\n<p>Elena Rubio<\/p>\n<p>[\/et_pb_blurb][et_pb_blurb title=&#8221;Sales (North of Italy)&#8221; image=&#8221;https:\/\/www.luxurytapas.com\/wp-content\/uploads\/2024\/05\/Maximo.jpg&#8221; _builder_version=&#8221;4.25.1&#8243; _module_preset=&#8221;default&#8221; header_font=&#8221;|600|||||||&#8221; header_text_color=&#8221;#bca21a&#8221; body_text_color=&#8221;#000000&#8243; body_font_size=&#8221;18px&#8221; link_option_url_new_window=&#8221;on&#8221; hover_enabled=&#8221;0&#8243; global_colors_info=&#8221;{}&#8221; sticky_enabled=&#8221;0&#8243;]<\/p>\n<p>Massimo Cavanna<\/p>\n<p>[\/et_pb_blurb][et_pb_blurb title=&#8221;Financial Department&#8221; image=&#8221;https:\/\/www.luxurytapas.com\/wp-content\/uploads\/2022\/11\/Almudena.jpg&#8221; _builder_version=&#8221;4.25.1&#8243; _module_preset=&#8221;default&#8221; header_font=&#8221;|600|||||||&#8221; header_text_color=&#8221;#bca21a&#8221; body_text_color=&#8221;#000000&#8243; body_font_size=&#8221;18px&#8221; link_option_url=&#8221;https:\/\/www.luxurytapas.com\/project\/finanzas\/&#8221; link_option_url_new_window=&#8221;on&#8221; hover_enabled=&#8221;0&#8243; global_colors_info=&#8221;{}&#8221; sticky_enabled=&#8221;0&#8243;]<\/p>\n<p>Almudena Ca\u00f1averas<\/p>\n<p>[\/et_pb_blurb][et_pb_blurb title=&#8221;Purchaising Department&#8221; image=&#8221;https:\/\/www.luxurytapas.com\/wp-content\/uploads\/2022\/11\/m.-angeles.jpg&#8221; _builder_version=&#8221;4.25.1&#8243; _module_preset=&#8221;default&#8221; header_font=&#8221;|600|||||||&#8221; header_text_color=&#8221;#bca21a&#8221; body_text_color=&#8221;#000000&#8243; body_font_size=&#8221;18px&#8221; link_option_url=&#8221;https:\/\/www.luxurytapas.com\/project\/compras\/&#8221; link_option_url_new_window=&#8221;on&#8221; hover_enabled=&#8221;0&#8243; global_colors_info=&#8221;{}&#8221; sticky_enabled=&#8221;0&#8243;]<\/p>\n<p>M. \u00c1ngeles Mar\u00edn<\/p>\n<p>[\/et_pb_blurb][\/et_pb_column][et_pb_column type=&#8221;1_3&#8243; _builder_version=&#8221;4.19.1&#8243; _module_preset=&#8221;default&#8221; global_colors_info=&#8221;{}&#8221;][et_pb_blurb title=&#8221;Sales Director&#8221; image=&#8221;https:\/\/www.luxurytapas.com\/wp-content\/uploads\/2022\/11\/francesco.jpg&#8221; _builder_version=&#8221;4.25.1&#8243; _module_preset=&#8221;default&#8221; header_font=&#8221;|600|||||||&#8221; header_text_color=&#8221;#bca21a&#8221; body_text_color=&#8221;#000000&#8243; body_font_size=&#8221;18px&#8221; link_option_url=&#8221;https:\/\/www.luxurytapas.com\/project\/export-y-marketing\/&#8221; link_option_url_new_window=&#8221;on&#8221; hover_enabled=&#8221;0&#8243; global_colors_info=&#8221;{}&#8221; sticky_enabled=&#8221;0&#8243;]<\/p>\n<p>Francesco Monesi<\/p>\n<p>[\/et_pb_blurb][et_pb_blurb title=&#8221;Production Manager&#8221; image=&#8221;https:\/\/www.luxurytapas.com\/wp-content\/uploads\/2022\/11\/iris.jpg&#8221; _builder_version=&#8221;4.25.1&#8243; _module_preset=&#8221;default&#8221; header_font=&#8221;|600|||||||&#8221; header_text_color=&#8221;#bca21a&#8221; body_text_color=&#8221;#000000&#8243; body_font_size=&#8221;18px&#8221; link_option_url_new_window=&#8221;on&#8221; hover_enabled=&#8221;0&#8243; global_colors_info=&#8221;{}&#8221; sticky_enabled=&#8221;0&#8243;]<\/p>\n<p>Iris Castro<\/p>\n<p>[\/et_pb_blurb][et_pb_blurb title=&#8221;Sales (North of Italy)&#8221; image=&#8221;https:\/\/www.luxurytapas.com\/wp-content\/uploads\/2024\/05\/DANIELA.jpg&#8221; _builder_version=&#8221;4.25.1&#8243; _module_preset=&#8221;default&#8221; header_font=&#8221;|600|||||||&#8221; header_text_color=&#8221;#bca21a&#8221; body_text_color=&#8221;#000000&#8243; body_font_size=&#8221;18px&#8221; link_option_url=&#8221;https:\/\/www.luxurytapas.com\/project\/produccion-y-logistica\/&#8221; link_option_url_new_window=&#8221;on&#8221; hover_enabled=&#8221;0&#8243; global_colors_info=&#8221;{}&#8221; sticky_enabled=&#8221;0&#8243;]<\/p>\n<p>Daniela Cavanna<\/p>\n<p>[\/et_pb_blurb][et_pb_blurb title=&#8221;Quality Department&#8221; image=&#8221;https:\/\/www.luxurytapas.com\/wp-content\/uploads\/2022\/11\/cristina.jpg&#8221; _builder_version=&#8221;4.25.1&#8243; _module_preset=&#8221;default&#8221; header_font=&#8221;|600|||||||&#8221; header_text_color=&#8221;#bca21a&#8221; body_text_color=&#8221;#000000&#8243; body_font_size=&#8221;18px&#8221; link_option_url=&#8221;https:\/\/www.luxurytapas.com\/project\/calidad-1\/&#8221; link_option_url_new_window=&#8221;on&#8221; hover_enabled=&#8221;0&#8243; global_colors_info=&#8221;{}&#8221; sticky_enabled=&#8221;0&#8243;]<\/p>\n<p>Cristina Vivar<\/p>\n<p>[\/et_pb_blurb][et_pb_blurb title=&#8221;Order Manager&#8221; image=&#8221;https:\/\/www.luxurytapas.com\/wp-content\/uploads\/2022\/11\/laura.jpg&#8221; _builder_version=&#8221;4.25.1&#8243; _module_preset=&#8221;default&#8221; header_font=&#8221;|600|||||||&#8221; header_text_color=&#8221;#bca21a&#8221; body_text_color=&#8221;#000000&#8243; body_font_size=&#8221;18px&#8221; link_option_url_new_window=&#8221;on&#8221; hover_enabled=&#8221;0&#8243; global_colors_info=&#8221;{}&#8221; sticky_enabled=&#8221;0&#8243;]<\/p>\n<p>Laura Marmol<\/p>\n<p>[\/et_pb_blurb][\/et_pb_column][et_pb_column type=&#8221;1_3&#8243; _builder_version=&#8221;4.19.1&#8243; _module_preset=&#8221;default&#8221; global_colors_info=&#8221;{}&#8221;][et_pb_blurb title=&#8221;Main Chef and Culinary advisor&#8221; image=&#8221;https:\/\/www.luxurytapas.com\/wp-content\/uploads\/2022\/11\/dani.jpg&#8221; _builder_version=&#8221;4.25.1&#8243; _module_preset=&#8221;default&#8221; header_font=&#8221;|600|||||||&#8221; header_text_color=&#8221;#bca21a&#8221; body_text_color=&#8221;#000000&#8243; body_font_size=&#8221;18px&#8221; link_option_url_new_window=&#8221;on&#8221; hover_enabled=&#8221;0&#8243; global_colors_info=&#8221;{}&#8221; sticky_enabled=&#8221;0&#8243;]<\/p>\n<p>Dani Lillo<\/p>\n<p>[\/et_pb_blurb][et_pb_blurb title=&#8221;Chef&#8221; image=&#8221;https:\/\/www.luxurytapas.com\/wp-content\/uploads\/2022\/11\/juanpe.jpg&#8221; _builder_version=&#8221;4.25.1&#8243; _module_preset=&#8221;default&#8221; header_font=&#8221;|600|||||||&#8221; header_text_color=&#8221;#bca21a&#8221; body_text_color=&#8221;#000000&#8243; body_font_size=&#8221;18px&#8221; link_option_url_new_window=&#8221;on&#8221; hover_enabled=&#8221;0&#8243; global_colors_info=&#8221;{}&#8221; sticky_enabled=&#8221;0&#8243;]<\/p>\n<p>Juan Pedro Galindo<\/p>\n<p>[\/et_pb_blurb][et_pb_blurb title=&#8221;Sales (Center of Italy)&#8221; image=&#8221;https:\/\/www.luxurytapas.com\/wp-content\/uploads\/2024\/05\/Emilio-2.jpg&#8221; _builder_version=&#8221;4.25.1&#8243; _module_preset=&#8221;default&#8221; header_font=&#8221;|600|||||||&#8221; header_text_color=&#8221;#bca21a&#8221; body_text_color=&#8221;#000000&#8243; body_font_size=&#8221;18px&#8221; link_option_url_new_window=&#8221;on&#8221; hover_enabled=&#8221;0&#8243; global_colors_info=&#8221;{}&#8221; sticky_enabled=&#8221;0&#8243;]<\/p>\n<p>Emilio Briga<\/p>\n<p>[\/et_pb_blurb][et_pb_blurb title=&#8221;Accounting and finance&#8221; image=&#8221;https:\/\/www.luxurytapas.com\/wp-content\/uploads\/2022\/11\/maria.jpg&#8221; _builder_version=&#8221;4.25.1&#8243; _module_preset=&#8221;default&#8221; header_font=&#8221;|600|||||||&#8221; header_text_color=&#8221;#bca21a&#8221; body_text_color=&#8221;#000000&#8243; body_font_size=&#8221;18px&#8221; link_option_url_new_window=&#8221;on&#8221; hover_enabled=&#8221;0&#8243; global_colors_info=&#8221;{}&#8221; sticky_enabled=&#8221;0&#8243;]<\/p>\n<p>Mar\u00eda Herrero<\/p>\n<p>[\/et_pb_blurb][et_pb_blurb title=&#8221;Marketing&#8221; image=&#8221;https:\/\/www.luxurytapas.com\/wp-content\/uploads\/2022\/11\/yolanda.jpg&#8221; _builder_version=&#8221;4.25.1&#8243; _module_preset=&#8221;default&#8221; header_font=&#8221;|600|||||||&#8221; header_text_color=&#8221;#bca21a&#8221; body_text_color=&#8221;#000000&#8243; body_font_size=&#8221;18px&#8221; link_option_url=&#8221;https:\/\/www.luxurytapas.com\/project\/pedidos\/&#8221; link_option_url_new_window=&#8221;on&#8221; hover_enabled=&#8221;0&#8243; global_colors_info=&#8221;{}&#8221; sticky_enabled=&#8221;0&#8243;]<\/p>\n<p>Yolanda Plaza<\/p>\n<p>[\/et_pb_blurb][\/et_pb_column][\/et_pb_row][et_pb_row column_structure=&#8221;1_3,1_3,1_3&#8243; use_custom_gutter=&#8221;on&#8221; gutter_width=&#8221;2&#8243; make_equal=&#8221;on&#8221; _builder_version=&#8221;4.19.1&#8243; _module_preset=&#8221;default&#8221; global_colors_info=&#8221;{}&#8221;][et_pb_column type=&#8221;1_3&#8243; _builder_version=&#8221;4.19.1&#8243; _module_preset=&#8221;default&#8221; global_colors_info=&#8221;{}&#8221;][et_pb_blurb title=&#8221;Administration&#8221; image=&#8221;https:\/\/www.luxurytapas.com\/wp-content\/uploads\/2022\/11\/rocio.jpg&#8221; _builder_version=&#8221;4.25.1&#8243; _module_preset=&#8221;default&#8221; header_font=&#8221;|600|||||||&#8221; header_text_color=&#8221;#bca21a&#8221; body_text_color=&#8221;#000000&#8243; body_font_size=&#8221;18px&#8221; link_option_url_new_window=&#8221;on&#8221; hover_enabled=&#8221;0&#8243; global_colors_info=&#8221;{}&#8221; sticky_enabled=&#8221;0&#8243;]<\/p>\n<p>Roc\u00edo G\u00f3mez<\/p>\n<p>[\/et_pb_blurb][\/et_pb_column][et_pb_column type=&#8221;1_3&#8243; _builder_version=&#8221;4.19.1&#8243; _module_preset=&#8221;default&#8221; global_colors_info=&#8221;{}&#8221;][et_pb_blurb title=&#8221;Quality Department&#8221; image=&#8221;https:\/\/www.luxurytapas.com\/wp-content\/uploads\/2022\/11\/carlos.jpg&#8221; _builder_version=&#8221;4.25.1&#8243; _module_preset=&#8221;default&#8221; header_font=&#8221;|600|||||||&#8221; header_text_color=&#8221;#bca21a&#8221; body_text_color=&#8221;#000000&#8243; body_font_size=&#8221;18px&#8221; link_option_url=&#8221;https:\/\/www.luxurytapas.com\/project\/calidad\/&#8221; link_option_url_new_window=&#8221;on&#8221; hover_enabled=&#8221;0&#8243; global_colors_info=&#8221;{}&#8221; sticky_enabled=&#8221;0&#8243;]<\/p>\n<p>Carlos Pi\u00f1a<\/p>\n<p>[\/et_pb_blurb][\/et_pb_column][et_pb_column type=&#8221;1_3&#8243; _builder_version=&#8221;4.19.1&#8243; _module_preset=&#8221;default&#8221; global_colors_info=&#8221;{}&#8221;][et_pb_blurb title=&#8221;Chef and Culinary advisor&#8221; image=&#8221;https:\/\/www.luxurytapas.com\/wp-content\/uploads\/2022\/11\/rocio-arroyo.jpg&#8221; _builder_version=&#8221;4.25.1&#8243; _module_preset=&#8221;default&#8221; header_font=&#8221;|600|||||||&#8221; header_text_color=&#8221;#bca21a&#8221; body_text_color=&#8221;#000000&#8243; body_font_size=&#8221;18px&#8221; link_option_url_new_window=&#8221;on&#8221; hover_enabled=&#8221;0&#8243; global_colors_info=&#8221;{}&#8221; sticky_enabled=&#8221;0&#8243;]<\/p>\n<p>Roc\u00edo Arroyo<\/p>\n<p>[\/et_pb_blurb][\/et_pb_column][\/et_pb_row][et_pb_row use_custom_gutter=&#8221;on&#8221; gutter_width=&#8221;2&#8243; make_equal=&#8221;on&#8221; _builder_version=&#8221;4.19.1&#8243; _module_preset=&#8221;default&#8221; global_colors_info=&#8221;{}&#8221;][et_pb_column type=&#8221;4_4&#8243; _builder_version=&#8221;4.19.1&#8243; _module_preset=&#8221;default&#8221; global_colors_info=&#8221;{}&#8221;][et_pb_image src=&#8221;https:\/\/www.luxurytapas.com\/wp-content\/uploads\/2022\/11\/cocineros.jpg&#8221; title_text=&#8221;cocineros&#8221; _builder_version=&#8221;4.25.0&#8243; _module_preset=&#8221;default&#8221; global_colors_info=&#8221;{}&#8221;][\/et_pb_image][\/et_pb_column][\/et_pb_row][\/et_pb_section]<\/p>\n","protected":false},"excerpt":{"rendered":"<p>Discover the Luxury Tapas TeamJos\u00e9 Manuel HuertasElena RubioMassimo CavannaAlmudena Ca\u00f1averasM. \u00c1ngeles Mar\u00ednFrancesco MonesiIris CastroDaniela CavannaCristina VivarLaura MarmolDani LilloJuan Pedro GalindoEmilio BrigaMar\u00eda HerreroYolanda PlazaRoc\u00edo G\u00f3mezCarlos Pi\u00f1aRoc\u00edo Arroyo<\/p>\n","protected":false},"author":1,"featured_media":0,"parent":0,"menu_order":0,"comment_status":"closed","ping_status":"closed","template":"","meta":{"_et_pb_use_builder":"on","_et_pb_old_content":"","_et_gb_content_width":"","footnotes":""},"class_list":["post-13812","page","type-page","status-publish","hentry"],"_links":{"self":[{"href":"https:\/\/www.luxurytapas.com\/en\/wp-json\/wp\/v2\/pages\/13812","targetHints":{"allow":["GET"]}}],"collection":[{"href":"https:\/\/www.luxurytapas.com\/en\/wp-json\/wp\/v2\/pages"}],"about":[{"href":"https:\/\/www.luxurytapas.com\/en\/wp-json\/wp\/v2\/types\/page"}],"author":[{"embeddable":true,"href":"https:\/\/www.luxurytapas.com\/en\/wp-json\/wp\/v2\/users\/1"}],"replies":[{"embeddable":true,"href":"https:\/\/www.luxurytapas.com\/en\/wp-json\/wp\/v2\/comments?post=13812"}],"version-history":[{"count":7,"href":"https:\/\/www.luxurytapas.com\/en\/wp-json\/wp\/v2\/pages\/13812\/revisions"}],"predecessor-version":[{"id":13819,"href":"https:\/\/www.luxurytapas.com\/en\/wp-json\/wp\/v2\/pages\/13812\/revisions\/13819"}],"wp:attachment":[{"href":"https:\/\/www.luxurytapas.com\/en\/wp-json\/wp\/v2\/media?parent=13812"}],"curies":[{"name":"wp","href":"https:\/\/api.w.org\/{rel}","templated":true}]}}