{"id":13661,"date":"2022-11-26T20:32:50","date_gmt":"2022-11-26T20:32:50","guid":{"rendered":"https:\/\/www.luxurytapas.com\/mentions-legales\/"},"modified":"2024-05-22T18:26:27","modified_gmt":"2024-05-22T18:26:27","slug":"mentions-legales","status":"publish","type":"page","link":"https:\/\/www.luxurytapas.com\/fr\/mentions-legales\/","title":{"rendered":"Mentions l\u00e9gales"},"content":{"rendered":"<p>[et_pb_section fb_built=\u00a0\u00bb1&Prime; _builder_version=\u00a0\u00bb4.19.1&Prime; _module_preset=\u00a0\u00bbdefault\u00a0\u00bb global_colors_info=\u00a0\u00bb{}\u00a0\u00bb][et_pb_row use_custom_gutter=\u00a0\u00bbon\u00a0\u00bb gutter_width=\u00a0\u00bb1&Prime; make_equal=\u00a0\u00bbon\u00a0\u00bb _builder_version=\u00a0\u00bb4.19.1&Prime; _module_preset=\u00a0\u00bbdefault\u00a0\u00bb width=\u00a0\u00bb100%\u00a0\u00bb max_width=\u00a0\u00bb100%\u00a0\u00bb custom_margin=\u00a0\u00bb0%||||false|false\u00a0\u00bb custom_padding=\u00a0\u00bb||||true|false\u00a0\u00bb global_colors_info=\u00a0\u00bb{}\u00a0\u00bb][et_pb_column type=\u00a0\u00bb4_4&Prime; _builder_version=\u00a0\u00bb4.19.1&Prime; _module_preset=\u00a0\u00bbdefault\u00a0\u00bb custom_padding=\u00a0\u00bb0%|||6.25%|false|false\u00a0\u00bb global_colors_info=\u00a0\u00bb{}\u00a0\u00bb][et_pb_text _builder_version=\u00a0\u00bb4.19.1&Prime; _module_preset=\u00a0\u00bbdefault\u00a0\u00bb header_2_font=\u00a0\u00bbTimes New Roman||||||||\u00a0\u00bb header_2_text_align=\u00a0\u00bbcenter\u00a0\u00bb header_2_font_size=\u00a0\u00bb50px\u00a0\u00bb header_2_line_height=\u00a0\u00bb1.3em\u00a0\u00bb custom_margin=\u00a0\u00bb0%||||false|false\u00a0\u00bb custom_padding=\u00a0\u00bb0%||||false|false\u00a0\u00bb hover_enabled=\u00a0\u00bb0&Prime; global_colors_info=\u00a0\u00bb{}\u00a0\u00bb sticky_enabled=\u00a0\u00bb0&Prime;]<\/p>\n<h2>Mentions l\u00e9gales<\/h2>\n<p>[\/et_pb_text][\/et_pb_column][\/et_pb_row][et_pb_row use_custom_gutter=\u00a0\u00bbon\u00a0\u00bb gutter_width=\u00a0\u00bb1&Prime; make_equal=\u00a0\u00bbon\u00a0\u00bb _builder_version=\u00a0\u00bb4.19.1&Prime; _module_preset=\u00a0\u00bbdefault\u00a0\u00bb width=\u00a0\u00bb100%\u00a0\u00bb max_width=\u00a0\u00bb100%\u00a0\u00bb custom_margin=\u00a0\u00bb||||false|false\u00a0\u00bb global_colors_info=\u00a0\u00bb{}\u00a0\u00bb][et_pb_column type=\u00a0\u00bb4_4&Prime; _builder_version=\u00a0\u00bb4.19.1&Prime; _module_preset=\u00a0\u00bbdefault\u00a0\u00bb custom_padding=\u00a0\u00bb|||12.5%|false|false\u00a0\u00bb global_colors_info=\u00a0\u00bb{}\u00a0\u00bb][et_pb_text _builder_version=\u00a0\u00bb4.19.1&Prime; _module_preset=\u00a0\u00bbdefault\u00a0\u00bb text_font=\u00a0\u00bbRoboto|300|||||||\u00a0\u00bb text_font_size=\u00a0\u00bb16px\u00a0\u00bb text_line_height=\u00a0\u00bb1.3em\u00a0\u00bb link_text_color=\u00a0\u00bb#bca21a\u00a0\u00bb custom_margin=\u00a0\u00bb|25%|||false|false\u00a0\u00bb hover_enabled=\u00a0\u00bb0&Prime; global_colors_info=\u00a0\u00bb{}\u00a0\u00bb link_text_color__hover_enabled=\u00a0\u00bbon|desktop\u00a0\u00bb link_text_color__hover=\u00a0\u00bb#000000&Prime; sticky_enabled=\u00a0\u00bb0&Prime;]<\/p>\n<p><b>Propietaire<br \/><\/b><b>Desarrollo Gastron\u00f3mico, S.L.<span> <\/span><\/b><span>(ci-apr\u00e8s le propri\u00e9taire du site web)<\/span><span> <\/span><span>N\u00baTVA:<\/span><span> <\/span><span>B13623640<\/span><span> est le propri\u00e9taire du domaine luxurytapas.com. Elle a son domicile dans le code postal 13730 de la localit\u00e9 de Santa Cruz de Mudela (Ciudad Real, Espagne)- Pol\u00edgono Industrial Campo de la Aviaci\u00f3n, 40, <\/span> <span>C\u00f3d. Postal 13730 de la localidad de Santa Cruz de Mudela (C-Real). La soci\u00e9t\u00e9 est inscrite au Registre du Commerce de Ciudad Real, Tomo 653, Folio 169, Hoja CR-30305.<\/span><span> <br \/><\/span><b>Tel\u00e9fono:<span> <\/span><\/b><a href=\"tel:+34%20926343220\"><b>+34 926343220 <\/b><\/a> <br \/><b>Email:<span> <\/span><\/b><b><a href=\"mailto:contacto@luxurytapas.com\">info@luxurytapas.com<\/a><br \/><a href=\"mailto:contacto@luxurytapas.com\"><\/a><\/b><b>Web:<span> <\/span><\/b><b><a href=\"https:\/\/www.luxurytapas.com\/fr\/\">https:\/\/www.luxurytapas.com<\/a><\/p>\n<p><a href=\"https:\/\/luxurytapas.com\/\" target=\"_blank\" rel=\"noopener\"><\/a><\/b><b>Object<br \/><\/b><span>Ce sont les conditions g\u00e9n\u00e9rales et dans leur cas particulier qui r\u00e9gissent l\u2019acc\u00e8s et l\u2019utilisation du site Web.<\/span><span> <\/span><\/p>\n<p><span>Ce site Web est con\u00e7u pour faire conna\u00eetre et mettre \u00e0 la disposition du public (ci-apr\u00e8s l\u2019utilisateur) acc\u00e9dant au domaine luxurytapas.com (ci-apr\u00e8s le site) les informations, donn\u00e9es, produits et services (ci-apr\u00e8s le contenu).<\/span><a href=\"https:\/\/luxurytapas.com\/\" target=\"_blank\" rel=\"noopener\"><span>https:\/\/luxurytapas.com\/<\/span><\/a><span> <\/span><span> (en adelante sitio Web) informaci\u00f3n, datos, productos y servicios (en adelante contenidos).<\/p>\n<p><\/span><b>Acceso<br \/><\/b><span>La personne qui acc\u00e8de \u00e0 ce site Web acquiert la condition d\u2019utilisateur de la m\u00eame chose Cela implique la connaissance et l\u2019acceptation des conditions g\u00e9n\u00e9rales et, le cas \u00e9ch\u00e9ant, des conditions particuli\u00e8res d\u2019acc\u00e8s et d\u2019utilisation. Nous vous recommandons d\u2019acc\u00e9der p\u00e9riodiquement aux conditions d\u2019utilisation pour conna\u00eetre les changements, modifications et mises \u00e0 jour qui peuvent survenir.<\/p>\n<p><\/span><span>Le site Web comprend des textes, des graphiques, des images, des vid\u00e9os, des sons, des dessins, des photographies et des logiciels qui y sont inclus, qu\u2019ils soient ou non soumis \u00e0 la propri\u00e9t\u00e9 intellectuelle.<\/p>\n<p><\/span><span>L\u2019acc\u00e8s au site est gratuit, sans autorisation, abonnement ou enregistrement pr\u00e9alable, sauf pour les contenus et services sp\u00e9cifiques pour lesquels l\u2019abonnement ou l\u2019enregistrement de l\u2019Utilisateur est n\u00e9cessaire et donc d\u00e9termin\u00e9 dans les conditions g\u00e9n\u00e9rales ou particuli\u00e8res. Le service fourni est d\u2019une dur\u00e9e ind\u00e9termin\u00e9e.<\/p>\n<p><\/span><span>Le site Web s\u2019engage \u00e0 maintenir la qualit\u00e9 et l\u2019exactitude du contenu et de l\u2019utilisation dans la mesure de ses possibilit\u00e9s. Le site web<\/span><span> <\/span><span>s\u2019engage \u00e0 maintenir la qualit\u00e9 et l\u2019exactitude du contenu et de l\u2019utilisation dans la mesure de ses possibilit\u00e9s. Toutefois, cela n\u2019implique aucune obligation quant \u00e0 la qualit\u00e9, l\u2019exactitude du contenu et la rapidit\u00e9 d\u2019acc\u00e8s par le propri\u00e9taire du site Web. Le propri\u00e9taire se r\u00e9serve le droit de modifier ou de mettre \u00e0 jour les conditions d\u2019acc\u00e8s ou de suspendre l\u2019acc\u00e8s au site Web ou \u00e0 une partie du site Web sans pr\u00e9avis.<\/p>\n<p><\/span><span>L\u2019utilisateur qui acc\u00e8de en tout temps s\u2019engage \u00e0 ne pas acc\u00e9der au site Web et \u00e0 son contenu d\u2019une mani\u00e8re contraire aux buts \u00e9tablis et\/ou ill\u00e9gale, pr\u00e9judiciable aux droits et libert\u00e9s d\u2019autrui, ou qui pourrait endommager, d\u00e9t\u00e9riorer, saturer ou ralentir le site Web, au d\u00e9triment du propri\u00e9taire du site Web ou des utilisateurs tiers.<\/span><\/p>\n<p><span> <\/span><\/p>\n<p><b>Propri\u00e9t\u00e9 intellectuelle<\/p>\n<p><\/b><span>Le titulaire du site Web<\/span><span> <\/span><span>est titulaire des droits de propri\u00e9t\u00e9 industrielle et intellectuelle, ainsi que des contenus qu\u2019il abrite. A titre d\u2019illustration uniquement, il s\u2019agit des informations, messages, graphiques, fichiers son et images, photographies, enregistrements, programmes informatiques, bases de donn\u00e9es, savoir-faire technologique, marques, signes distinctifs, logos et, d\u2019une mani\u00e8re g\u00e9n\u00e9rale, de toute cr\u00e9ation ou mat\u00e9riel accessible lui appartenant, ainsi que le site web lui-m\u00eame.<\/p>\n<p><\/span><span>Les contenus, services et informations appartenant \u00e0 des tiers, dont les droits sont \u00e9galement prot\u00e9g\u00e9s par la l\u00e9gislation en vigueur sur la propri\u00e9t\u00e9 industrielle et intellectuelle, peuvent \u00e9galement \u00eatre accessibles sur le site.<\/p>\n<p><\/span><b>Contenu<\/p>\n<p><\/b><span>L\u2019acc\u00e8s aux contenus de la part de l\u2019Utilisateur sera sous son enti\u00e8re responsabilit\u00e9 ne pouvant se r\u00e9percuter sur le titulaire toute cons\u00e9quence n\u00e9gative d\u00e9riv\u00e9e directement ou indirectement de l\u2019acc\u00e8s, d\u00e9j\u00e0 de port\u00e9e physique, logique, morale ou personnelle.<\/p>\n<p><\/span><span>Les contenus sont destin\u00e9s \u00e0 informer et \u00e0 faire conna\u00eetre les activit\u00e9s, les produits et les services fournis et ont un caract\u00e8re indicatif.<\/p>\n<p><\/span><span>Le titulaire du site Web pourra modifier les contenus, ainsi que les supprimer et les modifier \u00e0 l\u2019int\u00e9rieur du site Web, ainsi que la forme sous laquelle on y acc\u00e8de, dans le but d\u2019am\u00e9liorer la qualit\u00e9 des m\u00eames ou de corriger des erreurs et en essayant \u00e0 tout moment de minimiser les cons\u00e9quences n\u00e9gatives que ces changements peuvent causer aux utilisateurs.<\/p>\n<p><\/span><span>Toute utilisation du site ou de son contenu doit \u00eatre d\u2019une nature exclusivement particuli\u00e8re. Le propri\u00e9taire du site Web est r\u00e9serv\u00e9 \u00e0 toute autre utilisation qui implique la copie, la reproduction, la distribution, la transformation, la communication publique ou toute autre action similaire de tout ou partie du contenu du site Web, ainsi que le m\u00eame, de sorte qu\u2019aucun utilisateur ne peut effectuer ces actions \u00e0 d\u2019autres fins sans l\u2019autorisation \u00e9crite pr\u00e9alable du propri\u00e9taire du site.<\/p>\n<p><\/span><span>Il n\u2019est pas permis d\u2019utiliser le contenu pour promouvoir, louer ou diffuser de la publicit\u00e9 ou de l\u2019information elle-m\u00eame ou des tiers sans l\u2019autorisation du propri\u00e9taire du site Web ou envoyer de la publicit\u00e9 ou de l\u2019information en utilisant les services ou l\u2019information mis \u00e0 la disposition des utilisateurs, peu importe si l\u2019utilisation est gratuite ou pas.<\/p>\n<p><\/span><span>Les liens ou hyperliens qui incorporent des tiers dans leurs pages Web, dirig\u00e9s vers ce site Web, seront pour l\u2019ouverture du site Web complet et \u00e0 partir de la page d\u2019accueil, ne pouvant manifester, directement ou indirectement, des indications fausses, inexactes ou confuses, ni encourir des actions injustes ou illicites contre le d\u00e9tenteur du site Web.<\/p>\n<p><\/span><span>Le propri\u00e9taire du site Web exerce des m\u00e9canismes de contr\u00f4le sur la qualit\u00e9 des liens (liens) qui sont incorpor\u00e9s dans le site Web, mais ne peut \u00eatre tenu responsable de la fiabilit\u00e9 et la rapidit\u00e9 de ceux-ci, ne garantit pas l\u2019utilit\u00e9 de ces liens, ni le contenu ou les services auxquels l\u2019utilisateur peut acc\u00e9der par ces liens, ni le bon fonctionnement des sites Web des tiers.<\/p>\n<p><\/span><b>Juridiction comp\u00e9tente<\/p>\n<p><\/b><span>Pour toute controverse pouvant d\u00e9couler de l\u2019utilisation du site ou des contenus soumis \u00e0 ces conditions, les parties renoncent express\u00e9ment \u00e0 toute autre juridiction, les Cours et Tribunaux de Ciudad Real (Espagne).<\/span><span> <\/span><\/p>\n<p>[\/et_pb_text][\/et_pb_column][\/et_pb_row][\/et_pb_section]<\/p>\n","protected":false},"excerpt":{"rendered":"<p>Mentions l\u00e9galesPropietaireDesarrollo Gastron\u00f3mico, S.L. (ci-apr\u00e8s le propri\u00e9taire du site web) N\u00baTVA: B13623640 est le propri\u00e9taire du domaine luxurytapas.com. Elle a son domicile dans le code postal 13730 de la localit\u00e9 de Santa Cruz de Mudela (Ciudad Real, Espagne)- Pol\u00edgono Industrial Campo de la Aviaci\u00f3n, 40, C\u00f3d. Postal 13730 de la localidad de Santa Cruz de [&hellip;]<\/p>\n","protected":false},"author":2,"featured_media":0,"parent":0,"menu_order":0,"comment_status":"closed","ping_status":"closed","template":"","meta":{"_et_pb_use_builder":"on","_et_pb_old_content":"","_et_gb_content_width":"","footnotes":""},"class_list":["post-13661","page","type-page","status-publish","hentry"],"_links":{"self":[{"href":"https:\/\/www.luxurytapas.com\/fr\/wp-json\/wp\/v2\/pages\/13661","targetHints":{"allow":["GET"]}}],"collection":[{"href":"https:\/\/www.luxurytapas.com\/fr\/wp-json\/wp\/v2\/pages"}],"about":[{"href":"https:\/\/www.luxurytapas.com\/fr\/wp-json\/wp\/v2\/types\/page"}],"author":[{"embeddable":true,"href":"https:\/\/www.luxurytapas.com\/fr\/wp-json\/wp\/v2\/users\/2"}],"replies":[{"embeddable":true,"href":"https:\/\/www.luxurytapas.com\/fr\/wp-json\/wp\/v2\/comments?post=13661"}],"version-history":[{"count":2,"href":"https:\/\/www.luxurytapas.com\/fr\/wp-json\/wp\/v2\/pages\/13661\/revisions"}],"predecessor-version":[{"id":13663,"href":"https:\/\/www.luxurytapas.com\/fr\/wp-json\/wp\/v2\/pages\/13661\/revisions\/13663"}],"wp:attachment":[{"href":"https:\/\/www.luxurytapas.com\/fr\/wp-json\/wp\/v2\/media?parent=13661"}],"curies":[{"name":"wp","href":"https:\/\/api.w.org\/{rel}","templated":true}]}}