{"id":14133,"date":"2024-05-15T11:52:52","date_gmt":"2024-05-15T11:52:52","guid":{"rendered":"https:\/\/www.luxurytapas.com\/postres\/"},"modified":"2025-06-11T09:26:40","modified_gmt":"2025-06-11T09:26:40","slug":"postres","status":"publish","type":"page","link":"https:\/\/www.luxurytapas.com\/fr\/postres\/","title":{"rendered":"Postres"},"content":{"rendered":"<p>[et_pb_section fb_built=\u00a0\u00bb1&Prime; _builder_version=\u00a0\u00bb4.24.3&Prime; _module_preset=\u00a0\u00bbdefault\u00a0\u00bb background_color=\u00a0\u00bbrgba(0,0,0,0.73)\u00a0\u00bb background_image=\u00a0\u00bbhttps:\/\/www.luxurytapas.com\/wp-content\/uploads\/2024\/05\/4100-Cheesecake-San-Sebastian-100-g-Luxury-Tapas-scaled.jpg\u00a0\u00bb background_blend=\u00a0\u00bbmultiply\u00a0\u00bb custom_padding=\u00a0\u00bb412px|||||\u00a0\u00bb da_disable_devices=\u00a0\u00bboff|off|off\u00a0\u00bb global_colors_info=\u00a0\u00bb{}\u00a0\u00bb da_is_popup=\u00a0\u00bboff\u00a0\u00bb da_exit_intent=\u00a0\u00bboff\u00a0\u00bb da_has_close=\u00a0\u00bbon\u00a0\u00bb da_alt_close=\u00a0\u00bboff\u00a0\u00bb da_dark_close=\u00a0\u00bboff\u00a0\u00bb da_not_modal=\u00a0\u00bbon\u00a0\u00bb da_is_singular=\u00a0\u00bboff\u00a0\u00bb da_with_loader=\u00a0\u00bboff\u00a0\u00bb da_has_shadow=\u00a0\u00bbon\u00a0\u00bb][et_pb_row _builder_version=\u00a0\u00bb4.24.0&Prime; _module_preset=\u00a0\u00bbdefault\u00a0\u00bb custom_padding=\u00a0\u00bb||83px|||\u00a0\u00bb global_colors_info=\u00a0\u00bb{}\u00a0\u00bb][et_pb_column type=\u00a0\u00bb4_4&Prime; _builder_version=\u00a0\u00bb4.24.0&Prime; _module_preset=\u00a0\u00bbdefault\u00a0\u00bb global_colors_info=\u00a0\u00bb{}\u00a0\u00bb][et_pb_text _builder_version=\u00a0\u00bb4.25.1&Prime; _module_preset=\u00a0\u00bbdefault\u00a0\u00bb header_text_align=\u00a0\u00bbright\u00a0\u00bb header_text_color=\u00a0\u00bb#FFFFFF\u00a0\u00bb header_font_size=\u00a0\u00bb50px\u00a0\u00bb header_line_height=\u00a0\u00bb1.3em\u00a0\u00bb header_font_size_tablet=\u00a0\u00bb50px\u00a0\u00bb header_font_size_phone=\u00a0\u00bb45px\u00a0\u00bb header_font_size_last_edited=\u00a0\u00bbon|phone\u00a0\u00bb global_colors_info=\u00a0\u00bb{}\u00a0\u00bb]<\/p>\n<h1>Desserts<\/h1>\n<p>[\/et_pb_text][\/et_pb_column][\/et_pb_row][\/et_pb_section][et_pb_section fb_built=\u00a0\u00bb1&Prime; _builder_version=\u00a0\u00bb4.24.0&Prime; _module_preset=\u00a0\u00bbdefault\u00a0\u00bb da_disable_devices=\u00a0\u00bboff|off|off\u00a0\u00bb global_colors_info=\u00a0\u00bb{}\u00a0\u00bb da_is_popup=\u00a0\u00bboff\u00a0\u00bb da_exit_intent=\u00a0\u00bboff\u00a0\u00bb da_has_close=\u00a0\u00bbon\u00a0\u00bb da_alt_close=\u00a0\u00bboff\u00a0\u00bb da_dark_close=\u00a0\u00bboff\u00a0\u00bb da_not_modal=\u00a0\u00bbon\u00a0\u00bb da_is_singular=\u00a0\u00bboff\u00a0\u00bb da_with_loader=\u00a0\u00bboff\u00a0\u00bb da_has_shadow=\u00a0\u00bbon\u00a0\u00bb][et_pb_row _builder_version=\u00a0\u00bb4.24.0&Prime; _module_preset=\u00a0\u00bbdefault\u00a0\u00bb width=\u00a0\u00bb90%\u00a0\u00bb max_width=\u00a0\u00bb70%\u00a0\u00bb global_colors_info=\u00a0\u00bb{}\u00a0\u00bb][et_pb_column type=\u00a0\u00bb4_4&Prime; _builder_version=\u00a0\u00bb4.24.0&Prime; _module_preset=\u00a0\u00bbdefault\u00a0\u00bb global_colors_info=\u00a0\u00bb{}\u00a0\u00bb][et_pb_text module_id=\u00a0\u00bbpostres\u00a0\u00bb _builder_version=\u00a0\u00bb4.25.1&Prime; _module_preset=\u00a0\u00bbdefault\u00a0\u00bb header_3_font_size=\u00a0\u00bb25px\u00a0\u00bb header_3_line_height=\u00a0\u00bb1.3em\u00a0\u00bb custom_margin=\u00a0\u00bb||0px||false|false\u00a0\u00bb custom_padding=\u00a0\u00bb||0px||false|false\u00a0\u00bb global_colors_info=\u00a0\u00bb{}\u00a0\u00bb]<\/p>\n<h3>DESSERTS D\u00e9congeler et Servir<\/h3>\n<p>[\/et_pb_text][dipl_separator seprator_thickness=\u00a0\u00bb5px\u00a0\u00bb separator_color=\u00a0\u00bb#ffbb0d\u00a0\u00bb _builder_version=\u00a0\u00bb4.24.0&Prime; _module_preset=\u00a0\u00bbdefault\u00a0\u00bb global_colors_info=\u00a0\u00bb{}\u00a0\u00bb][\/dipl_separator][\/et_pb_column][\/et_pb_row][et_pb_row column_structure=\u00a0\u00bb1_3,1_3,1_3&Prime; use_custom_gutter=\u00a0\u00bbon\u00a0\u00bb gutter_width=\u00a0\u00bb2&Prime; _builder_version=\u00a0\u00bb4.24.0&Prime; _module_preset=\u00a0\u00bbdefault\u00a0\u00bb width=\u00a0\u00bb90%\u00a0\u00bb max_width=\u00a0\u00bb70%\u00a0\u00bb global_colors_info=\u00a0\u00bb{}\u00a0\u00bb][et_pb_column type=\u00a0\u00bb1_3&Prime; _builder_version=\u00a0\u00bb4.24.0&Prime; _module_preset=\u00a0\u00bbdefault\u00a0\u00bb global_colors_info=\u00a0\u00bb{}\u00a0\u00bb][et_pb_blurb title=\u00a0\u00bbCHEESECAKE SAINT SEBASTIAN (MANCHEGO AOP) &#8211; 1,5 KG\u00a0\u00bb image=\u00a0\u00bbhttps:\/\/www.luxurytapas.com\/wp-content\/uploads\/2024\/04\/tarta-queso-manchego-ganadora-concurso-La-Abuela-Candida-1.jpg\u00a0\u00bb alt=\u00a0\u00bbTarta de queso Manchego, 1,5Kg, de La Abuela C\u00e1ndida\u00a0\u00bb _builder_version=\u00a0\u00bb4.25.1&Prime; _module_preset=\u00a0\u00bbdefault\u00a0\u00bb header_font=\u00a0\u00bbRoboto||||||||\u00a0\u00bb body_font=\u00a0\u00bbRoboto|300|||||||\u00a0\u00bb body_text_color=\u00a0\u00bb#5e5e5e\u00a0\u00bb custom_padding=\u00a0\u00bb5%|5%|5%|5%|true|true\u00a0\u00bb box_shadow_style=\u00a0\u00bbpreset3&Prime; global_colors_info=\u00a0\u00bb{}\u00a0\u00bb]<\/p>\n<p>Un dessert avec de la \u201ctexture\u201d surprenante, une parfaite harmonie entre des saveurs sucr\u00e9es et sal\u00e9es et une onctuosit\u00e9 difficile \u00e0 oublier.<\/p>\n<p><strong><b>Suggestion du Chef:<\/b><\/strong><b><br \/><\/b>1- Retirer de la bo\u00eete avec la base.<br \/>2- D\u00e9congeler au r\u00e9frig\u00e9rateur pendant 24 heures (0\u00baC &#8211; 4\u00baC) et servir.<br \/>3- Une fois d\u00e9congel\u00e9, ne pas r\u00e9congeler. Conserver au r\u00e9frig\u00e9rateur (entre 0\u00baC-4\u00baC) et consommer dans les 5 jours suivantes.<\/p>\n<p>* Temp\u00e9rature de consommation optimale : 10\u2070C &#8211; 14\u2070C.<br \/>** Il est recommand\u00e9 de servir seul ou avec un coulis aigre de fruits de la passion, de fruits rouges ou de myrtille.<\/p>\n<p><strong>Logistique: <\/strong>1 pi\u00e8ce par carton<br \/><strong>DLC:<\/strong> 24 mois.<\/p>\n<p><a href=\"https:\/\/www.luxurytapas.com\/wp-content\/uploads\/2024\/04\/ganadora-tarta-de-queso-culinaria-nacional-concurso.jpg\"><img loading=\"lazy\" decoding=\"async\" src=\"https:\/\/www.luxurytapas.com\/wp-content\/uploads\/2024\/04\/ganadora-tarta-de-queso-culinaria-nacional-concurso-300x100.jpg\" width=\"300\" height=\"100\" alt=\"\" class=\"wp-image-11548 alignnone size-medium\" style=\"display: block; margin-left: auto; margin-right: auto;\" \/><\/a><\/p>\n<p>[\/et_pb_blurb][\/et_pb_column][et_pb_column type=\u00a0\u00bb1_3&Prime; _builder_version=\u00a0\u00bb4.24.0&Prime; _module_preset=\u00a0\u00bbdefault\u00a0\u00bb global_colors_info=\u00a0\u00bb{}\u00a0\u00bb][et_pb_blurb title=\u00a0\u00bbCHEESECAKE SAINT SEBASTIAN (MANCHEGO AOP) &#8211; 100 G\u00a0\u00bb image=\u00a0\u00bbhttps:\/\/www.luxurytapas.com\/wp-content\/uploads\/2024\/04\/coulant-frio-de-queso-machego-La-Abuela-Candida.jpg\u00a0\u00bb alt=\u00a0\u00bbCoulant frio de queso manchego, postres de La Abuela C\u00e1ndida\u00a0\u00bb _builder_version=\u00a0\u00bb4.25.1&Prime; _module_preset=\u00a0\u00bbdefault\u00a0\u00bb header_font=\u00a0\u00bbRoboto||||||||\u00a0\u00bb body_font=\u00a0\u00bbRoboto|300|||||||\u00a0\u00bb body_text_color=\u00a0\u00bb#5e5e5e\u00a0\u00bb custom_padding=\u00a0\u00bb5%|5%|5%|5%|true|true\u00a0\u00bb box_shadow_style=\u00a0\u00bbpreset3&Prime; global_colors_info=\u00a0\u00bb{}\u00a0\u00bb]<\/p>\n<p>Un dessert avec de la \u201ctexture\u201d surprenante, une parfaite harmonie entre des saveurs sucr\u00e9es et sal\u00e9es et une onctuosit\u00e9 difficile \u00e0 oublier.<\/p>\n<p><strong><b>Suggestion du Chef:<\/b><\/strong><b><br \/><\/b>1- Retirer de la bo\u00eete.<br \/>2- D\u00e9congeler au r\u00e9frig\u00e9rateur pendant 12 heures (0\u00baC &#8211; 4\u00baC) et servir.<br \/>3- Une fois d\u00e9congel\u00e9, ne pas r\u00e9congeler. Conserver au r\u00e9frig\u00e9rateur (entre 0\u00baC-4\u00baC) et consommer dans les 5 jours suivantes.<\/p>\n<p>* Temp\u00e9rature de consommation optimale : 10\u2070C &#8211; 14\u2070C.<br \/>** Il est recommand\u00e9 de servir seul ou avec un coulis aigre de fruits de la passion, de fruits rouges ou de myrtille.<\/p>\n<p><strong>Logistique: <\/strong>16 pi\u00e8ces par carton<br \/><strong>DLC:<\/strong> 24 mois.<\/p>\n<p>[\/et_pb_blurb][\/et_pb_column][et_pb_column type=\u00a0\u00bb1_3&Prime; _builder_version=\u00a0\u00bb4.24.0&Prime; _module_preset=\u00a0\u00bbdefault\u00a0\u00bb global_colors_info=\u00a0\u00bb{}\u00a0\u00bb][et_pb_blurb title=\u00a0\u00bbCHEESECAKE AU CHOCOLATE NOIR B\u00c8LGE &#8211; 100 G\u00a0\u00bb image=\u00a0\u00bbhttps:\/\/www.luxurytapas.com\/wp-content\/uploads\/2024\/04\/tarta-de-queso-y-chocolate-La-Abuela-Candida.jpg\u00a0\u00bb alt=\u00a0\u00bbTarta de queso y chocolate 100g postres de La Abuela C\u00e1ndida\u00a0\u00bb _builder_version=\u00a0\u00bb4.25.1&Prime; _module_preset=\u00a0\u00bbdefault\u00a0\u00bb header_font=\u00a0\u00bbRoboto||||||||\u00a0\u00bb body_font=\u00a0\u00bbRoboto|300|||||||\u00a0\u00bb body_text_color=\u00a0\u00bb#5e5e5e\u00a0\u00bb custom_padding=\u00a0\u00bb5%|5%|5%|5%|true|true\u00a0\u00bb box_shadow_style=\u00a0\u00bbpreset3&Prime; global_colors_info=\u00a0\u00bb{}\u00a0\u00bb]<\/p>\n<p>Un dessert avec de la \u201ctexture\u201d surprenante, une parfaite harmonie entre des saveurs sucr\u00e9es et sal\u00e9es et une onctuosit\u00e9 difficile \u00e0 oublier, avec l\u00b4ajout de cacao belge pur.<\/p>\n<p><strong><b>Suggestion du Chef:<\/b><\/strong><b><br \/><\/b>1- Retirer de la bo\u00eete.<br \/>2- D\u00e9congeler au r\u00e9frig\u00e9rateur pendant 12 heures (0\u00baC &#8211; 4\u00baC) et servir.<br \/>3- Une fois d\u00e9congel\u00e9, ne pas r\u00e9congeler. Conserver au r\u00e9frig\u00e9rateur (entre 0\u00baC-4\u00baC) et consommer dans les 5 jours suivantes.<\/p>\n<p>* Temp\u00e9rature de consommation optimale : 10\u2070C &#8211; 14\u2070C.<br \/>** Il est recommand\u00e9 de servir seul ou avec un coulis aigre de fruits de la passion, de fruits rouges ou de myrtille.<\/p>\n<p><strong>Logistique: <\/strong>16 pi\u00e8ces par carton<br \/><strong>DLC:<\/strong> 24 mois.<\/p>\n<p>[\/et_pb_blurb][\/et_pb_column][\/et_pb_row][et_pb_row _builder_version=\u00a0\u00bb4.24.0&Prime; _module_preset=\u00a0\u00bbdefault\u00a0\u00bb custom_padding=\u00a0\u00bb5%||||false|false\u00a0\u00bb global_colors_info=\u00a0\u00bb{}\u00a0\u00bb][et_pb_column type=\u00a0\u00bb4_4&Prime; _builder_version=\u00a0\u00bb4.24.0&Prime; _module_preset=\u00a0\u00bbdefault\u00a0\u00bb global_colors_info=\u00a0\u00bb{}\u00a0\u00bb][et_pb_button button_url=\u00a0\u00bbhttps:\/\/www.luxurytapas.com\/wp-content\/uploads\/2025\/06\/LUXURY-TAPAS_FRANCAIS_2025.pdf\u00a0\u00bb url_new_window=\u00a0\u00bbon\u00a0\u00bb button_text=\u00a0\u00bbCatalogue HORECA 2025&Prime; button_alignment=\u00a0\u00bbcenter\u00a0\u00bb _builder_version=\u00a0\u00bb4.27.4&Prime; _module_preset=\u00a0\u00bbdefault\u00a0\u00bb custom_button=\u00a0\u00bbon\u00a0\u00bb button_use_icon=\u00a0\u00bboff\u00a0\u00bb hover_enabled=\u00a0\u00bb0&Prime; global_colors_info=\u00a0\u00bb{}\u00a0\u00bb button_bg_color__hover_enabled=\u00a0\u00bbon|hover\u00a0\u00bb button_bg_color__hover=\u00a0\u00bb#cfa68b\u00a0\u00bb button_bg_enable_color__hover=\u00a0\u00bbon\u00a0\u00bb button_text_color__hover_enabled=\u00a0\u00bbon|hover\u00a0\u00bb button_text_color__hover=\u00a0\u00bb#FFFFFF\u00a0\u00bb sticky_enabled=\u00a0\u00bb0&Prime;][\/et_pb_button][\/et_pb_column][\/et_pb_row][\/et_pb_section]<\/p>\n","protected":false},"excerpt":{"rendered":"<p>DessertsDESSERTS D\u00e9congeler et Servir<div class=\"et_pb_module dipl_separator dipl_separator_0\">\n\t\t\t\t\n\t\t\t\t\n\t\t\t\t\n\t\t\t\t\n\t\t\t\t\n\t\t\t\t\n\t\t\t\t<div class=\"et_pb_module_inner\">\n\t\t\t\t\t<div class=\"dipl_separator_container align_none\">\n\t\t\t\t\t\t\t\t\t<div class=\"dipl_line dipl_line_before\"><\/div>\n\t\t\t\t\t\t\t\t\t\t\n\t\t\t\t\t\t\t\t\t\t\n\t\t\t\t\t\t\t\t\t\t\n\t\t\t\t\t\t\t\t\t<div class=\"dipl_line dipl_line_after\"><\/div>\n\t\t\t\t\t\t\t\t<\/div>\n\t\t\t\t<\/div>\n\t\t\t<\/div>Un dessert avec de la \u201ctexture\u201d surprenante, une parfaite harmonie entre des saveurs sucr\u00e9es et sal\u00e9es et une onctuosit\u00e9 difficile \u00e0 oublier. Suggestion du Chef:1- Retirer de la bo\u00eete avec la base.2- D\u00e9congeler au r\u00e9frig\u00e9rateur pendant 24 heures (0\u00baC &#8211; 4\u00baC) et servir.3- Une fois d\u00e9congel\u00e9, ne [&hellip;]<\/p>\n","protected":false},"author":1,"featured_media":0,"parent":0,"menu_order":0,"comment_status":"closed","ping_status":"closed","template":"","meta":{"_et_pb_use_builder":"on","_et_pb_old_content":"","_et_gb_content_width":"","footnotes":""},"class_list":["post-14133","page","type-page","status-publish","hentry"],"_links":{"self":[{"href":"https:\/\/www.luxurytapas.com\/fr\/wp-json\/wp\/v2\/pages\/14133","targetHints":{"allow":["GET"]}}],"collection":[{"href":"https:\/\/www.luxurytapas.com\/fr\/wp-json\/wp\/v2\/pages"}],"about":[{"href":"https:\/\/www.luxurytapas.com\/fr\/wp-json\/wp\/v2\/types\/page"}],"author":[{"embeddable":true,"href":"https:\/\/www.luxurytapas.com\/fr\/wp-json\/wp\/v2\/users\/1"}],"replies":[{"embeddable":true,"href":"https:\/\/www.luxurytapas.com\/fr\/wp-json\/wp\/v2\/comments?post=14133"}],"version-history":[{"count":12,"href":"https:\/\/www.luxurytapas.com\/fr\/wp-json\/wp\/v2\/pages\/14133\/revisions"}],"predecessor-version":[{"id":14428,"href":"https:\/\/www.luxurytapas.com\/fr\/wp-json\/wp\/v2\/pages\/14133\/revisions\/14428"}],"wp:attachment":[{"href":"https:\/\/www.luxurytapas.com\/fr\/wp-json\/wp\/v2\/media?parent=14133"}],"curies":[{"name":"wp","href":"https:\/\/api.w.org\/{rel}","templated":true}]}}