{"id":13227,"date":"2022-11-26T20:12:43","date_gmt":"2022-11-26T20:12:43","guid":{"rendered":"https:\/\/www.luxurytapas.com\/azienda\/"},"modified":"2024-05-23T13:39:24","modified_gmt":"2024-05-23T13:39:24","slug":"azienda","status":"publish","type":"page","link":"https:\/\/www.luxurytapas.com\/it\/azienda\/","title":{"rendered":"Azienda"},"content":{"rendered":"<p>[et_pb_section fb_built=&#8221;1&#8243; _builder_version=&#8221;4.19.1&#8243; _module_preset=&#8221;default&#8221; da_disable_devices=&#8221;off|off|off&#8221; global_colors_info=&#8221;{}&#8221; da_is_popup=&#8221;off&#8221; da_exit_intent=&#8221;off&#8221; da_has_close=&#8221;on&#8221; da_alt_close=&#8221;off&#8221; da_dark_close=&#8221;off&#8221; da_not_modal=&#8221;on&#8221; da_is_singular=&#8221;off&#8221; da_with_loader=&#8221;off&#8221; da_has_shadow=&#8221;on&#8221;][et_pb_row use_custom_gutter=&#8221;on&#8221; gutter_width=&#8221;1&#8243; make_equal=&#8221;on&#8221; _builder_version=&#8221;4.19.1&#8243; _module_preset=&#8221;default&#8221; width=&#8221;100%&#8221; max_width=&#8221;100%&#8221; custom_margin=&#8221;0%||||false|false&#8221; custom_padding=&#8221;||||true|false&#8221; global_colors_info=&#8221;{}&#8221;][et_pb_column type=&#8221;4_4&#8243; _builder_version=&#8221;4.19.1&#8243; _module_preset=&#8221;default&#8221; custom_padding=&#8221;0%|||6.25%|false|false&#8221; custom_padding_tablet=&#8221;0%|||6.25%|false|false&#8221; custom_padding_phone=&#8221;0%|6.25%||6.25%|false|true&#8221; custom_padding_last_edited=&#8221;on|phone&#8221; global_colors_info=&#8221;{}&#8221;][et_pb_text _builder_version=&#8221;4.19.1&#8243; _module_preset=&#8221;default&#8221; header_2_font=&#8221;Bodoni Moda||||||||&#8221; header_2_text_align=&#8221;left&#8221; header_2_font_size=&#8221;45px&#8221; header_2_line_height=&#8221;1.3em&#8221; custom_margin=&#8221;0%||||false|false&#8221; custom_padding=&#8221;0%||||false|false&#8221; header_2_text_align_tablet=&#8221;left&#8221; header_2_text_align_phone=&#8221;center&#8221; header_2_text_align_last_edited=&#8221;on|phone&#8221; header_2_font_size_tablet=&#8221;45px&#8221; header_2_font_size_phone=&#8221;36px&#8221; header_2_font_size_last_edited=&#8221;on|phone&#8221; global_colors_info=&#8221;{}&#8221;]<\/p>\n<h2>LUXURY TAPAS, IL PARTNER IDEALE IN CUCINA<\/h2>\n<p>[\/et_pb_text][\/et_pb_column][\/et_pb_row][et_pb_row column_structure=&#8221;1_2,1_2&#8243; use_custom_gutter=&#8221;on&#8221; gutter_width=&#8221;2&#8243; make_equal=&#8221;on&#8221; _builder_version=&#8221;4.19.1&#8243; _module_preset=&#8221;default&#8221; width=&#8221;100%&#8221; max_width=&#8221;100%&#8221; custom_margin=&#8221;||||false|false&#8221; global_colors_info=&#8221;{}&#8221;][et_pb_column type=&#8221;1_2&#8243; _builder_version=&#8221;4.19.1&#8243; _module_preset=&#8221;default&#8221; custom_padding=&#8221;|||12.5%|false|false&#8221; custom_padding_tablet=&#8221;|||12.5%|false|false&#8221; custom_padding_phone=&#8221;|6%||6%|false|true&#8221; custom_padding_last_edited=&#8221;on|phone&#8221; global_colors_info=&#8221;{}&#8221;][et_pb_text _builder_version=&#8221;4.19.1&#8243; _module_preset=&#8221;default&#8221; text_font=&#8221;Roboto|300|||||||&#8221; text_font_size=&#8221;25px&#8221; text_line_height=&#8221;1.1em&#8221; header_3_font=&#8221;Roboto||||||||&#8221; header_3_text_color=&#8221;#e7c161&#8243; header_3_font_size=&#8221;26px&#8221; header_3_line_height=&#8221;1.3em&#8221; global_colors_info=&#8221;{}&#8221;]<\/p>\n<h3>CBT Cucina sottovuoto a Bassa Temperatura<\/h3>\n<p>[\/et_pb_text][et_pb_text _builder_version=&#8221;4.19.1&#8243; _module_preset=&#8221;default&#8221; text_font=&#8221;Roboto|300|||||||&#8221; text_font_size=&#8221;19px&#8221; text_line_height=&#8221;1.3em&#8221; text_font_size_tablet=&#8221;19px&#8221; text_font_size_phone=&#8221;19px&#8221; text_font_size_last_edited=&#8221;on|phone&#8221; global_colors_info=&#8221;{}&#8221;]<\/p>\n<p><span>Abbiamo esteso l\u2019uso di questa tecnica di Alta Cucina alla ristorazione, allo street-food ed ai pub. I nostri prodotti semilavorati a cottura lenta sottovuoto apportano rapidit\u00e1 al tuo lavoro ed ottimizzazione dei processi, che ti aiuteranno nella riduzione degli sprechi alimentari e nella ottimizzazione del controllo dei costi. Come lo prepariamo? Prediamo le carni, semplicemente le condiamo con sale e pepe, le mettiamo sottovuoto e le cuciniamo a bassa temperatura sottovuoto durante 8, 10, 12 o 16 ore dipendendo dal tipo di carne e dal taglio che stiamo cucinando.<\/span><\/p>\n<p><strong>Le carni cos\u00ed si cucinano esclusivamente nel proprio sugo ed hanno un sapore unico ed una consistenza che letteralmente si scioglie in bocca <\/strong><\/p>\n<p>Poi le congeliamo rapidamente a -30\/-35\u00baC in modo da mantenere intatte tutte le propriet\u00e1 organolettiche del prodotto.<\/p>\n<p>Il prodotto viene poi stoccato a -18\u00baC ed ha una scadenza di 2 anni. Te lo inviamo con uno dei nostri courier e tu lo utilizzi, quando e come vuoi.Tutti i nostri elaborati sottovuoto, se scongelati e mantenuti in frigorifero, hanno una scadenza di 90 giorni. Se mantenuti in congelatore, 24 mesi. Facile no?<\/p>\n<p>[\/et_pb_text][\/et_pb_column][et_pb_column type=&#8221;1_2&#8243; _builder_version=&#8221;4.19.1&#8243; _module_preset=&#8221;default&#8221; custom_padding=&#8221;2%|12.5%|||false|false&#8221; custom_padding_tablet=&#8221;2%|12.5%|||false|false&#8221; custom_padding_phone=&#8221;2%|0%||0%|false|true&#8221; custom_padding_last_edited=&#8221;on|phone&#8221; global_colors_info=&#8221;{}&#8221;][et_pb_image src=&#8221;https:\/\/www.luxurytapas.com\/wp-content\/uploads\/2024\/05\/CHEF-DANI-LILLO-LUXURY-TAPAS-scaled.jpg&#8221; title_text=&#8221;CHEF DANI LILLO &#8211; LUXURY TAPAS&#8221; _builder_version=&#8221;4.25.1&#8243; _module_preset=&#8221;default&#8221; hover_enabled=&#8221;0&#8243; global_colors_info=&#8221;{}&#8221; sticky_enabled=&#8221;0&#8243;][\/et_pb_image][\/et_pb_column][\/et_pb_row][et_pb_row column_structure=&#8221;1_2,1_2&#8243; use_custom_gutter=&#8221;on&#8221; gutter_width=&#8221;1&#8243; make_equal=&#8221;on&#8221; _builder_version=&#8221;4.19.1&#8243; _module_preset=&#8221;default&#8221; width=&#8221;100%&#8221; max_width=&#8221;100%&#8221; custom_margin=&#8221;||||false|false&#8221; global_colors_info=&#8221;{}&#8221;][et_pb_column type=&#8221;1_2&#8243; _builder_version=&#8221;4.19.1&#8243; _module_preset=&#8221;default&#8221; custom_padding=&#8221;|||12.5%|false|false&#8221; custom_padding_tablet=&#8221;|||12.5%|false|false&#8221; custom_padding_phone=&#8221;|5%||5%|false|true&#8221; custom_padding_last_edited=&#8221;on|phone&#8221; global_colors_info=&#8221;{}&#8221;][et_pb_text _builder_version=&#8221;4.19.1&#8243; _module_preset=&#8221;default&#8221; text_font=&#8221;Roboto|300|||||||&#8221; text_font_size=&#8221;25px&#8221; text_line_height=&#8221;1.1em&#8221; header_3_font=&#8221;Roboto||||||||&#8221; header_3_text_color=&#8221;#e7c161&#8243; header_3_font_size=&#8221;26px&#8221; header_3_line_height=&#8221;1.3em&#8221; global_colors_info=&#8221;{}&#8221;]<\/p>\n<h3>La nostra storia<\/h3>\n<p>[\/et_pb_text][et_pb_text _builder_version=&#8221;4.19.1&#8243; _module_preset=&#8221;default&#8221; text_font=&#8221;Roboto|300|||||||&#8221; text_font_size=&#8221;19px&#8221; text_line_height=&#8221;1.3em&#8221; header_3_font=&#8221;Roboto|300|||||||&#8221; header_3_text_color=&#8221;#e7c161&#8243; header_3_font_size=&#8221;35px&#8221; header_3_line_height=&#8221;1.3em&#8221; global_colors_info=&#8221;{}&#8221;]<\/p>\n<h3><\/h3>\n<ul>\n<li><strong>1922<\/strong> Creazione delle prime ricette<\/li>\n<li><strong>1950<\/strong><span> <\/span>Apertura dei primi ristoranti presso l&#8217;Autostrada A4<\/li>\n<li><strong>1960<\/strong><span>Prime produzioni di pernici marinate <\/span><\/li>\n<li><strong>1980<\/strong><span> <\/span>Apertura di altri 3 ristoranti ed aree di servizio<\/li>\n<li><strong>1996<\/strong><span>Creazione del primo stabilimento di elaborazione di piatti artigianali tipici del territorio<\/span><\/li>\n<li><strong>2000<\/strong> <span> Inizio dell&#8217;attivit\u00e1 di produzione di Finger-food e Tapas<\/span><\/li>\n<li><strong>2004<\/strong> Si raddoppia la superficie di produzione del primo stabilimento e si inizia la produzione e commercializzazione di carne di selvaggina (cervo, cinghiale, pernici, fagiani, etc.)<\/li>\n<\/ul>\n<p>[\/et_pb_text][\/et_pb_column][et_pb_column type=&#8221;1_2&#8243; _builder_version=&#8221;4.19.1&#8243; _module_preset=&#8221;default&#8221; custom_padding=&#8221;|||12.5%|false|false&#8221; custom_padding_tablet=&#8221;|||12.5%|false|false&#8221; custom_padding_phone=&#8221;|5%||5%|false|true&#8221; custom_padding_last_edited=&#8221;on|desktop&#8221; global_colors_info=&#8221;{}&#8221;][et_pb_divider show_divider=&#8221;off&#8221; disabled_on=&#8221;on|on|off&#8221; _builder_version=&#8221;4.19.1&#8243; _module_preset=&#8221;default&#8221; custom_padding=&#8221;||6%||false|false&#8221; global_colors_info=&#8221;{}&#8221;][\/et_pb_divider][et_pb_text _builder_version=&#8221;4.24.0&#8243; _module_preset=&#8221;default&#8221; text_font=&#8221;Roboto|300|||||||&#8221; text_font_size=&#8221;19px&#8221; text_line_height=&#8221;1.3em&#8221; header_3_font=&#8221;Roboto|300|||||||&#8221; header_3_text_color=&#8221;#e7c161&#8243; header_3_font_size=&#8221;35px&#8221; header_3_line_height=&#8221;1.3em&#8221; global_colors_info=&#8221;{}&#8221;]<\/p>\n<ul>\n<li><strong>2010<\/strong> <span>Inizio di attivit\u00e1 commerciale nel mercato italiano <\/span><\/li>\n<li><strong>2012<\/strong> <span> Inizio attivit\u00e1 mercato tedesco e portoghese <\/span><\/li>\n<li><strong>2014<\/strong> <span>Inizio attivit\u00e1 mercato francese e Benelux <\/span><\/li>\n<li><strong>2016<\/strong><span> <\/span>Lancio della gamma di Fingerfood Lollipops<\/li>\n<li><strong>2017<\/strong><span> <\/span>Ampliamento a 4000 m2 di superfice produttiva<\/li>\n<li><strong>2020<\/strong><span> <\/span>Inaugurazione del secondo stabilimento di produzione esclusiva di Carne CBT, Dessert e Fingerfood<\/li>\n<li><strong>2024<\/strong><span> <\/span> Inaugurazione dell&#8217;ampliamento a 3000 m2 del secondo stabilimento di produzione esclusiva di Carne CBT, Dessert e Fingerfood<\/li>\n<\/ul>\n<p>[\/et_pb_text][\/et_pb_column][\/et_pb_row][et_pb_row column_structure=&#8221;1_2,1_2&#8243; use_custom_gutter=&#8221;on&#8221; gutter_width=&#8221;2&#8243; make_equal=&#8221;on&#8221; _builder_version=&#8221;4.19.1&#8243; _module_preset=&#8221;default&#8221; width=&#8221;100%&#8221; max_width=&#8221;100%&#8221; custom_margin=&#8221;||||false|false&#8221; global_colors_info=&#8221;{}&#8221;][et_pb_column type=&#8221;1_2&#8243; _builder_version=&#8221;4.19.1&#8243; _module_preset=&#8221;default&#8221; custom_padding=&#8221;|||12.5%|false|false&#8221; custom_padding_tablet=&#8221;|||12.5%|false|false&#8221; custom_padding_phone=&#8221;|5%||5%|false|true&#8221; custom_padding_last_edited=&#8221;on|phone&#8221; global_colors_info=&#8221;{}&#8221;][et_pb_text _builder_version=&#8221;4.24.3&#8243; _module_preset=&#8221;default&#8221; text_font=&#8221;Roboto|300|||||||&#8221; text_font_size=&#8221;25px&#8221; text_line_height=&#8221;1.1em&#8221; header_3_font=&#8221;Roboto||||||||&#8221; header_3_text_color=&#8221;#e7c161&#8243; header_3_font_size=&#8221;26px&#8221; header_3_line_height=&#8221;1.3em&#8221; global_colors_info=&#8221;{}&#8221;]<\/p>\n<h3>CHEFS AL TUO SERVIZIO<\/h3>\n<p>[\/et_pb_text][et_pb_text _builder_version=&#8221;4.24.3&#8243; _module_preset=&#8221;default&#8221; text_font=&#8221;Roboto|300|||||||&#8221; text_font_size=&#8221;19px&#8221; text_line_height=&#8221;1.3em&#8221; text_font_size_tablet=&#8221;19px&#8221; text_font_size_phone=&#8221;19px&#8221; text_font_size_last_edited=&#8221;on|phone&#8221; global_colors_info=&#8221;{}&#8221;]<\/p>\n<p><strong>Nuestro Chef y Asesor Gastron\u00f3mico, Dani Lillo es quien da vida a nuestro amplio surtido de Finger-food, Carnes CBT y Postres. <\/strong><\/p>\n<p>Chef Dani trabaja intensamente con su equipo para ofrecer las mejores soluciones gastron\u00f3micas, innovando constantemente en los ingredientes y actualizando constantemente su forma de elaboraci\u00f3n, manteni\u00e9ndose al d\u00eda con las nuevas tendencias.<\/p>\n<p>Hoy en dia colaboramos con los mas importantes Chefs en Espa\u00f1a y en Europa <strong>para el desarrollo continuo de nuevos productos que sepan responder de la forma m\u00e1s adecuada a las exigencias cambiantes de la restauraci\u00f3n, del catering y de la hosteleria.<\/strong><\/p>\n<p>[\/et_pb_text][\/et_pb_column][et_pb_column type=&#8221;1_2&#8243; _builder_version=&#8221;4.19.1&#8243; _module_preset=&#8221;default&#8221; custom_padding=&#8221;|12.5%|||false|false&#8221; custom_padding_tablet=&#8221;|12.5%|||false|false&#8221; custom_padding_phone=&#8221;|0%||0%|false|true&#8221; custom_padding_last_edited=&#8221;on|phone&#8221; global_colors_info=&#8221;{}&#8221;][et_pb_image src=&#8221;https:\/\/www.luxurytapas.com\/wp-content\/uploads\/2022\/11\/cocineros.jpg&#8221; alt=&#8221;La Abuela C\u00e1ndida Madrid Fusi\u00f3n 2023&#8243; title_text=&#8221;cocineros&#8221; _builder_version=&#8221;4.25.1&#8243; _module_preset=&#8221;default&#8221; hover_enabled=&#8221;0&#8243; global_colors_info=&#8221;{}&#8221; sticky_enabled=&#8221;0&#8243;][\/et_pb_image][\/et_pb_column][\/et_pb_row][\/et_pb_section]<\/p>\n","protected":false},"excerpt":{"rendered":"<p>LUXURY TAPAS, IL PARTNER IDEALE IN CUCINACBT Cucina sottovuoto a Bassa TemperaturaAbbiamo esteso l\u2019uso di questa tecnica di Alta Cucina alla ristorazione, allo street-food ed ai pub. I nostri prodotti semilavorati a cottura lenta sottovuoto apportano rapidit\u00e1 al tuo lavoro ed ottimizzazione dei processi, che ti aiuteranno nella riduzione degli sprechi alimentari e nella ottimizzazione [&hellip;]<\/p>\n","protected":false},"author":2,"featured_media":0,"parent":0,"menu_order":0,"comment_status":"closed","ping_status":"closed","template":"","meta":{"_et_pb_use_builder":"on","_et_pb_old_content":"","_et_gb_content_width":"","footnotes":""},"class_list":["post-13227","page","type-page","status-publish","hentry"],"_links":{"self":[{"href":"https:\/\/www.luxurytapas.com\/it\/wp-json\/wp\/v2\/pages\/13227","targetHints":{"allow":["GET"]}}],"collection":[{"href":"https:\/\/www.luxurytapas.com\/it\/wp-json\/wp\/v2\/pages"}],"about":[{"href":"https:\/\/www.luxurytapas.com\/it\/wp-json\/wp\/v2\/types\/page"}],"author":[{"embeddable":true,"href":"https:\/\/www.luxurytapas.com\/it\/wp-json\/wp\/v2\/users\/2"}],"replies":[{"embeddable":true,"href":"https:\/\/www.luxurytapas.com\/it\/wp-json\/wp\/v2\/comments?post=13227"}],"version-history":[{"count":10,"href":"https:\/\/www.luxurytapas.com\/it\/wp-json\/wp\/v2\/pages\/13227\/revisions"}],"predecessor-version":[{"id":13826,"href":"https:\/\/www.luxurytapas.com\/it\/wp-json\/wp\/v2\/pages\/13227\/revisions\/13826"}],"wp:attachment":[{"href":"https:\/\/www.luxurytapas.com\/it\/wp-json\/wp\/v2\/media?parent=13227"}],"curies":[{"name":"wp","href":"https:\/\/api.w.org\/{rel}","templated":true}]}}