{"id":13352,"date":"2023-01-18T10:36:21","date_gmt":"2023-01-18T10:36:21","guid":{"rendered":"https:\/\/www.luxurytapas.com\/?page_id=13352"},"modified":"2024-05-29T15:47:44","modified_gmt":"2024-05-29T15:47:44","slug":"contatto","status":"publish","type":"page","link":"https:\/\/www.luxurytapas.com\/it\/contatto\/","title":{"rendered":"Contatto"},"content":{"rendered":"<p>[et_pb_section fb_built=&#8221;1&#8243; _builder_version=&#8221;4.19.1&#8243; _module_preset=&#8221;default&#8221; da_disable_devices=&#8221;off|off|off&#8221; global_colors_info=&#8221;{}&#8221; da_is_popup=&#8221;off&#8221; da_exit_intent=&#8221;off&#8221; da_has_close=&#8221;on&#8221; da_alt_close=&#8221;off&#8221; da_dark_close=&#8221;off&#8221; da_not_modal=&#8221;on&#8221; da_is_singular=&#8221;off&#8221; da_with_loader=&#8221;off&#8221; da_has_shadow=&#8221;on&#8221;][et_pb_row use_custom_gutter=&#8221;on&#8221; gutter_width=&#8221;1&#8243; make_equal=&#8221;on&#8221; _builder_version=&#8221;4.19.1&#8243; _module_preset=&#8221;default&#8221; width=&#8221;100%&#8221; max_width=&#8221;100%&#8221; custom_margin=&#8221;0%||||false|false&#8221; custom_padding=&#8221;||||true|false&#8221; global_colors_info=&#8221;{}&#8221;][et_pb_column type=&#8221;4_4&#8243; _builder_version=&#8221;4.19.1&#8243; _module_preset=&#8221;default&#8221; custom_padding=&#8221;0%|||6.25%|false|false&#8221; global_colors_info=&#8221;{}&#8221;][et_pb_text _builder_version=&#8221;4.19.1&#8243; _module_preset=&#8221;default&#8221; text_font=&#8221;Roboto|300|||||||&#8221; header_2_font=&#8221;Times New Roman||||||||&#8221; header_2_text_align=&#8221;left&#8221; header_2_font_size=&#8221;50px&#8221; header_2_line_height=&#8221;1.3em&#8221; custom_margin=&#8221;0%||||false|false&#8221; custom_margin_tablet=&#8221;0%||||false|false&#8221; custom_margin_phone=&#8221;0%||||false|false&#8221; custom_margin_last_edited=&#8221;on|phone&#8221; custom_padding=&#8221;0%|5%|||false|false&#8221; global_colors_info=&#8221;{}&#8221;]<\/p>\n<h2>Contattaci<\/h2>\n<p>IL PARTNER IDEALE IN CUCINA: SIAMO CHEFS AL TUO SERVIZIO<br \/>Lasciaci i tuoi dati di contatto e comunicaci i prodotti che ti interessano.<br \/>Nel pi\u00f9 breve tempo possibile, il nostro area manager ti contatter\u00e0 per indicarti il \u200b\u200bgrossista pi\u00f9 vicino e pi\u00f9 adatto alle tue esigenze.<\/p>\n<p>[\/et_pb_text][\/et_pb_column][\/et_pb_row][et_pb_row column_structure=&#8221;1_2,1_2&#8243; use_custom_gutter=&#8221;on&#8221; gutter_width=&#8221;2&#8243; make_equal=&#8221;on&#8221; _builder_version=&#8221;4.19.1&#8243; _module_preset=&#8221;default&#8221; width=&#8221;100%&#8221; max_width=&#8221;100%&#8221; custom_margin=&#8221;||||false|false&#8221; global_colors_info=&#8221;{}&#8221;][et_pb_column type=&#8221;1_2&#8243; admin_label=&#8221;formulario&#8221; _builder_version=&#8221;4.19.1&#8243; _module_preset=&#8221;default&#8221; custom_padding=&#8221;|||6.25%|false|false&#8221; custom_padding_tablet=&#8221;|||6.25%|false|false&#8221; custom_padding_phone=&#8221;|6.25%||6.25%|false|true&#8221; custom_padding_last_edited=&#8221;on|phone&#8221; global_colors_info=&#8221;{}&#8221;][et_pb_contact_form email=&#8221;info@luxurytapas.com&#8221; custom_message=&#8221;Usuario: %%Name%%||et_pb_line_break_holder||Correo: %%Email%%||et_pb_line_break_holder||Mensaje: %%Message%%&#8221; _builder_version=&#8221;4.19.3&#8243; _module_preset=&#8221;default&#8221; _unique_id=&#8221;43973ebf-25d1-4955-9c33-b0b0f2c42c27&#8243; form_field_font=&#8221;Roboto|500|||||||&#8221; form_field_line_height=&#8221;1.3em&#8221; custom_button=&#8221;on&#8221; button_text_color=&#8221;#FFFFFF&#8221; button_bg_color=&#8221;#000000&#8243; button_border_radius=&#8221;0px&#8221; button_use_icon=&#8221;off&#8221; global_colors_info=&#8221;{}&#8221;][et_pb_contact_field field_id=&#8221;Name&#8221; field_title=&#8221;Nome&#8221; fullwidth_field=&#8221;on&#8221; _builder_version=&#8221;4.19.3&#8243; form_field_background_color=&#8221;#FFFFFF&#8221; form_field_text_color=&#8221;#c2c2c2&#8243; border_width_all=&#8221;1px&#8221; border_color_all=&#8221;#c2c2c2&#8243; global_colors_info=&#8221;{}&#8221; button_text_size__hover_enabled=&#8221;off&#8221; button_one_text_size__hover_enabled=&#8221;off&#8221; button_two_text_size__hover_enabled=&#8221;off&#8221; button_text_color__hover_enabled=&#8221;off&#8221; button_one_text_color__hover_enabled=&#8221;off&#8221; button_two_text_color__hover_enabled=&#8221;off&#8221; button_border_width__hover_enabled=&#8221;off&#8221; button_one_border_width__hover_enabled=&#8221;off&#8221; button_two_border_width__hover_enabled=&#8221;off&#8221; button_border_color__hover_enabled=&#8221;off&#8221; button_one_border_color__hover_enabled=&#8221;off&#8221; button_two_border_color__hover_enabled=&#8221;off&#8221; button_border_radius__hover_enabled=&#8221;off&#8221; button_one_border_radius__hover_enabled=&#8221;off&#8221; button_two_border_radius__hover_enabled=&#8221;off&#8221; button_letter_spacing__hover_enabled=&#8221;off&#8221; button_one_letter_spacing__hover_enabled=&#8221;off&#8221; button_two_letter_spacing__hover_enabled=&#8221;off&#8221; button_bg_color__hover_enabled=&#8221;off&#8221; button_one_bg_color__hover_enabled=&#8221;off&#8221; button_two_bg_color__hover_enabled=&#8221;off&#8221;][\/et_pb_contact_field][et_pb_contact_field field_id=&#8221;Email&#8221; field_title=&#8221;Email&#8221; field_type=&#8221;email&#8221; fullwidth_field=&#8221;on&#8221; _builder_version=&#8221;4.19.3&#8243; form_field_background_color=&#8221;#FFFFFF&#8221; form_field_text_color=&#8221;#c2c2c2&#8243; border_width_all=&#8221;1px&#8221; border_color_all=&#8221;#c2c2c2&#8243; global_colors_info=&#8221;{}&#8221; button_text_size__hover_enabled=&#8221;off&#8221; button_one_text_size__hover_enabled=&#8221;off&#8221; button_two_text_size__hover_enabled=&#8221;off&#8221; button_text_color__hover_enabled=&#8221;off&#8221; button_one_text_color__hover_enabled=&#8221;off&#8221; button_two_text_color__hover_enabled=&#8221;off&#8221; button_border_width__hover_enabled=&#8221;off&#8221; button_one_border_width__hover_enabled=&#8221;off&#8221; button_two_border_width__hover_enabled=&#8221;off&#8221; button_border_color__hover_enabled=&#8221;off&#8221; button_one_border_color__hover_enabled=&#8221;off&#8221; button_two_border_color__hover_enabled=&#8221;off&#8221; button_border_radius__hover_enabled=&#8221;off&#8221; button_one_border_radius__hover_enabled=&#8221;off&#8221; button_two_border_radius__hover_enabled=&#8221;off&#8221; button_letter_spacing__hover_enabled=&#8221;off&#8221; button_one_letter_spacing__hover_enabled=&#8221;off&#8221; button_two_letter_spacing__hover_enabled=&#8221;off&#8221; button_bg_color__hover_enabled=&#8221;off&#8221; button_one_bg_color__hover_enabled=&#8221;off&#8221; button_two_bg_color__hover_enabled=&#8221;off&#8221;][\/et_pb_contact_field][et_pb_contact_field field_id=&#8221;Message&#8221; field_title=&#8221;Messaggio&#8221; field_type=&#8221;text&#8221; fullwidth_field=&#8221;on&#8221; _builder_version=&#8221;4.16&#8243; form_field_background_color=&#8221;#FFFFFF&#8221; form_field_text_color=&#8221;#c2c2c2&#8243; border_width_all=&#8221;1px&#8221; border_color_all=&#8221;#c2c2c2&#8243; global_colors_info=&#8221;{}&#8221; button_text_size__hover_enabled=&#8221;off&#8221; button_one_text_size__hover_enabled=&#8221;off&#8221; button_two_text_size__hover_enabled=&#8221;off&#8221; button_text_color__hover_enabled=&#8221;off&#8221; button_one_text_color__hover_enabled=&#8221;off&#8221; button_two_text_color__hover_enabled=&#8221;off&#8221; button_border_width__hover_enabled=&#8221;off&#8221; button_one_border_width__hover_enabled=&#8221;off&#8221; button_two_border_width__hover_enabled=&#8221;off&#8221; button_border_color__hover_enabled=&#8221;off&#8221; button_one_border_color__hover_enabled=&#8221;off&#8221; button_two_border_color__hover_enabled=&#8221;off&#8221; button_border_radius__hover_enabled=&#8221;off&#8221; button_one_border_radius__hover_enabled=&#8221;off&#8221; button_two_border_radius__hover_enabled=&#8221;off&#8221; button_letter_spacing__hover_enabled=&#8221;off&#8221; button_one_letter_spacing__hover_enabled=&#8221;off&#8221; button_two_letter_spacing__hover_enabled=&#8221;off&#8221; button_bg_color__hover_enabled=&#8221;off&#8221; button_one_bg_color__hover_enabled=&#8221;off&#8221; button_two_bg_color__hover_enabled=&#8221;off&#8221;][\/et_pb_contact_field][et_pb_contact_field field_id=&#8221;verificaci\u00f3n&#8221; field_title=&#8221; &#8221; field_type=&#8221;checkbox&#8221; checkbox_options=&#8221;%91{%22value%22:%22Accetto i %22,%22checked%22:0,%22dragID%22:-1,%22link_url%22:%22\/aviso-legal%22,%22link_text%22:%22termini e condizioni%22},{%22value%22:%22Accetto la %22,%22checked%22:0,%22dragID%22:0,%22link_url%22:%22\/politica-de-privacidad\/%22,%22link_text%22:%22Pol\u00edtica di protezione dei dati personali%22},{%22value%22:%22Desidero ricevere informazione di mio interesse%22,%22checked%22:0,%22dragID%22:1}%93&#8243; fullwidth_field=&#8221;on&#8221; _builder_version=&#8221;4.19.1&#8243; _module_preset=&#8221;default&#8221; form_field_background_color=&#8221;#FFFFFF&#8221; form_field_text_color=&#8221;#000000&#8243; form_field_font_size=&#8221;18px&#8221; border_width_all=&#8221;1px&#8221; border_color_all=&#8221;#c2c2c2&#8243; global_colors_info=&#8221;{}&#8221;][\/et_pb_contact_field][\/et_pb_contact_form][et_pb_text _builder_version=&#8221;4.24.3&#8243; _module_preset=&#8221;default&#8221; global_colors_info=&#8221;{}&#8221;]<\/p>\n<p><strong><span class=\"s1\">Informazioni di base sulla protezione dei dati<\/span><\/strong><\/p>\n<p>[\/et_pb_text][et_pb_text _builder_version=&#8221;4.25.1&#8243; _module_preset=&#8221;default&#8221; text_font=&#8221;Roboto|300|||||||&#8221; link_text_color=&#8221;#bca21a&#8221; hover_enabled=&#8221;0&#8243; global_colors_info=&#8221;{}&#8221; sticky_enabled=&#8221;0&#8243;]<\/p>\n<p>Responsabile:DESARROLLO GASTRONOMICO SL<br \/>Finalit\u00e1: Inviare le informazioni richieste. Gestione degli abbonamenti.<br \/>Legittimazione: Consenso dell&#8217;interessato.<br \/>Destinatari: Nessun dato sar\u00e0 ceduto a terzi, salvo obblighi legali.<br \/>Diritti: accedere, rettificare ed eliminare i dati, nonch\u00e9 altri diritti come spiegato nelle informazioni aggiuntive.<strong><br \/><\/strong><\/p>\n<p>DATI AZIENDALI: NOME: DESARROLLO GASTRONOMICO SL &#8211; P.IVA: ES-B13623640 &#8211; REGISTRO SANITARIO:\u00a0ES 26.021305\/CR C.E. (Tapas e CBT) &#8211; ES 20.048298\/CR C.E. (Dessert)<\/p>\n<p>[\/et_pb_text][\/et_pb_column][et_pb_column type=&#8221;1_2&#8243; admin_label=&#8221;info&#8221; _builder_version=&#8221;4.19.1&#8243; _module_preset=&#8221;default&#8221; custom_padding=&#8221;|12.5%|||false|false&#8221; custom_padding_tablet=&#8221;|12.5%|||false|false&#8221; custom_padding_phone=&#8221;|||6%|false|false&#8221; custom_padding_last_edited=&#8221;on|phone&#8221; global_colors_info=&#8221;{}&#8221;][et_pb_blurb title=&#8221;LUXURY TAPAS&#8221; _builder_version=&#8221;4.24.3&#8243; _module_preset=&#8221;default&#8221; header_font=&#8221;Roboto|500|||||||&#8221; header_text_color=&#8221;#bca21a&#8221; global_colors_info=&#8221;{}&#8221;]<\/p>\n<p>Poligono Industrial Campo de Aviaci\u00f3n &#8211; Parcela 40 13730, Santa Cruz de Mudela.<br \/>Ciudad Real (Spagna)<\/p>\n<p>[\/et_pb_blurb][et_pb_blurb use_icon=&#8221;on&#8221; font_icon=&#8221;&#xe090;||divi||400&#8243; icon_color=&#8221;#bca21a&#8221; icon_placement=&#8221;left&#8221; image_icon_width=&#8221;24px&#8221; _builder_version=&#8221;4.24.3&#8243; _module_preset=&#8221;default&#8221; header_font=&#8221;|600|||||||&#8221; header_text_color=&#8221;#000000&#8243; body_font=&#8221;|600|||||||&#8221; body_text_color=&#8221;#000000&#8243; body_font_size=&#8221;18px&#8221; body_line_height=&#8221;1em&#8221; body_link_font=&#8221;|600|||||||&#8221; body_link_text_color=&#8221;#000000&#8243; body_link_font_size=&#8221;18px&#8221; custom_margin=&#8221;0px||0.75px||false|false&#8221; custom_padding=&#8221;0px||0.75px||false|false&#8221; global_colors_info=&#8221;{}&#8221; body_link_text_color__hover_enabled=&#8221;on|desktop&#8221; body_link_text_color__hover=&#8221;#bca21a&#8221;]<\/p>\n<p><a href=\"tel:+0034926343220\">+34 926 343 220<\/a><\/p>\n<p>[\/et_pb_blurb][et_pb_blurb use_icon=&#8221;on&#8221; font_icon=&#8221;&#xe076;||divi||400&#8243; icon_color=&#8221;#bca21a&#8221; icon_placement=&#8221;left&#8221; image_icon_width=&#8221;24px&#8221; _builder_version=&#8221;4.24.3&#8243; _module_preset=&#8221;default&#8221; header_font=&#8221;|600|||||||&#8221; header_text_color=&#8221;#000000&#8243; body_font=&#8221;|600|||||||&#8221; body_text_color=&#8221;#000000&#8243; body_font_size=&#8221;18px&#8221; body_line_height=&#8221;1em&#8221; body_link_font=&#8221;|600|||||||&#8221; body_link_text_color=&#8221;#000000&#8243; body_link_font_size=&#8221;18px&#8221; custom_margin=&#8221;0.75px||||false|false&#8221; custom_padding=&#8221;0.75px||||false|false&#8221; global_colors_info=&#8221;{}&#8221; body_link_text_color__hover_enabled=&#8221;on|desktop&#8221; body_link_text_color__hover=&#8221;#bca21a&#8221;]<\/p>\n<p><a href=\"mailto:administracion@luxurytapas.com\">info@luxurytapas.com<\/a><\/p>\n<p>[\/et_pb_blurb][et_pb_blurb title=&#8221;Direzione Commerciale&#8221; _builder_version=&#8221;4.25.1&#8243; _module_preset=&#8221;default&#8221; header_font=&#8221;Roboto|500|||||||&#8221; header_text_color=&#8221;#bca21a&#8221; hover_enabled=&#8221;0&#8243; global_colors_info=&#8221;{}&#8221; sticky_enabled=&#8221;0&#8243; min_height=&#8221;27px&#8221;][\/et_pb_blurb][et_pb_blurb use_icon=&#8221;on&#8221; font_icon=&#8221;&#xe076;||divi||400&#8243; icon_color=&#8221;#bca21a&#8221; icon_placement=&#8221;left&#8221; image_icon_width=&#8221;24px&#8221; _builder_version=&#8221;4.24.3&#8243; _module_preset=&#8221;default&#8221; header_font=&#8221;|600|||||||&#8221; header_text_color=&#8221;#000000&#8243; body_font=&#8221;|600|||||||&#8221; body_text_color=&#8221;#000000&#8243; body_font_size=&#8221;18px&#8221; body_line_height=&#8221;1em&#8221; body_link_font=&#8221;|600|||||||&#8221; body_link_text_color=&#8221;#000000&#8243; body_link_font_size=&#8221;18px&#8221; custom_margin=&#8221;0.75px||||false|false&#8221; custom_padding=&#8221;0px||0px||false|false&#8221; global_colors_info=&#8221;{}&#8221; body_link_text_color__hover_enabled=&#8221;on|desktop&#8221; body_link_text_color__hover=&#8221;#bca21a&#8221; min_height=&#8221;12px&#8221;]<\/p>\n<p><a href=\"mailto:export@luxurytapas.com\">Francesco Monesi (export@luxurytapas.com)<\/a><\/p>\n<p>[\/et_pb_blurb][et_pb_blurb title=&#8221;Area Vendita ITALIA (NORD)&#8221; _builder_version=&#8221;4.25.1&#8243; _module_preset=&#8221;default&#8221; header_font=&#8221;Roboto|500|||||||&#8221; header_text_color=&#8221;#bca21a&#8221; hover_enabled=&#8221;0&#8243; global_colors_info=&#8221;{}&#8221; sticky_enabled=&#8221;0&#8243;][\/et_pb_blurb][et_pb_blurb use_icon=&#8221;on&#8221; font_icon=&#8221;&#xe090;||divi||400&#8243; icon_color=&#8221;#bca21a&#8221; icon_placement=&#8221;left&#8221; image_icon_width=&#8221;24px&#8221; _builder_version=&#8221;4.24.3&#8243; _module_preset=&#8221;default&#8221; header_font=&#8221;|600|||||||&#8221; header_text_color=&#8221;#000000&#8243; body_font=&#8221;|300|||||||&#8221; body_text_color=&#8221;#000000&#8243; body_font_size=&#8221;18px&#8221; body_line_height=&#8221;1em&#8221; body_link_font=&#8221;|600|||||||&#8221; body_link_text_color=&#8221;#000000&#8243; body_link_font_size=&#8221;18px&#8221; custom_margin=&#8221;0px||0.75px||false|false&#8221; custom_padding=&#8221;0px||0.75px||false|false&#8221; global_colors_info=&#8221;{}&#8221; body_link_text_color__hover_enabled=&#8221;on|desktop&#8221; body_link_text_color__hover=&#8221;#bca21a&#8221;]<\/p>\n<p><a href=\"tel:+34685970034\">Massimo Cavanna +39 339 191 7879<\/a> (<a href=\"mailto:cavanna@acquiterme.it\">cavanna@acquiterme.it<\/a>)\u00a0<\/p>\n<p>[\/et_pb_blurb][et_pb_blurb use_icon=&#8221;on&#8221; font_icon=&#8221;&#xe090;||divi||400&#8243; icon_color=&#8221;#bca21a&#8221; icon_placement=&#8221;left&#8221; image_icon_width=&#8221;24px&#8221; _builder_version=&#8221;4.25.1&#8243; _module_preset=&#8221;default&#8221; header_font=&#8221;|600|||||||&#8221; header_text_color=&#8221;#000000&#8243; body_font=&#8221;|300|||||||&#8221; body_text_color=&#8221;#000000&#8243; body_font_size=&#8221;18px&#8221; body_line_height=&#8221;1em&#8221; body_link_font=&#8221;|600|||||||&#8221; body_link_text_color=&#8221;#000000&#8243; body_link_font_size=&#8221;18px&#8221; custom_margin=&#8221;0px||30.8px||false|false&#8221; custom_padding=&#8221;16px||0.75px||false|false&#8221; hover_enabled=&#8221;0&#8243; global_colors_info=&#8221;{}&#8221; body_link_text_color__hover_enabled=&#8221;on|desktop&#8221; body_link_text_color__hover=&#8221;#bca21a&#8221; sticky_enabled=&#8221;0&#8243;]<\/p>\n<p><a href=\"tel:+34685970034\">Daniela Cavanna +39 393 918 7847<\/a> (<a href=\"mailto:cavanna@acquiterme.it\">cavanna@acquiterme.it<\/a>)<\/p>\n<p>[\/et_pb_blurb][et_pb_blurb title=&#8221;Area Vendita ITALIA (CENTRO e SUD)&#8221; _builder_version=&#8221;4.25.1&#8243; _module_preset=&#8221;default&#8221; header_font=&#8221;Roboto|500|||||||&#8221; header_text_color=&#8221;#bca21a&#8221; hover_enabled=&#8221;0&#8243; global_colors_info=&#8221;{}&#8221; sticky_enabled=&#8221;0&#8243; min_height=&#8221;23px&#8221;][\/et_pb_blurb][et_pb_blurb use_icon=&#8221;on&#8221; font_icon=&#8221;&#xe090;||divi||400&#8243; icon_color=&#8221;#bca21a&#8221; icon_placement=&#8221;left&#8221; image_icon_width=&#8221;24px&#8221; _builder_version=&#8221;4.25.1&#8243; _module_preset=&#8221;default&#8221; header_font=&#8221;|600|||||||&#8221; header_text_color=&#8221;#000000&#8243; body_font=&#8221;|300|||||||&#8221; body_text_color=&#8221;#000000&#8243; body_font_size=&#8221;18px&#8221; body_line_height=&#8221;1em&#8221; body_link_font=&#8221;|600|||||||&#8221; body_link_text_color=&#8221;#000000&#8243; body_link_font_size=&#8221;18px&#8221; custom_margin=&#8221;0px||0.75px||false|false&#8221; custom_padding=&#8221;0px||0.75px||false|false&#8221; hover_enabled=&#8221;0&#8243; global_colors_info=&#8221;{}&#8221; body_link_text_color__hover_enabled=&#8221;on|desktop&#8221; body_link_text_color__hover=&#8221;#bca21a&#8221; sticky_enabled=&#8221;0&#8243;]<\/p>\n<p><a href=\"tel:+34685970034\">Emilio Briga +39 327 018 9387<\/a> (<a href=\"mailto:cavanna@acquiterme.it\">info@cebrappresentanze.com<\/a>)<\/p>\n<p>[\/et_pb_blurb][et_pb_blurb use_icon=&#8221;on&#8221; font_icon=&#8221;&#xe090;||divi||400&#8243; icon_color=&#8221;#bca21a&#8221; icon_placement=&#8221;left&#8221; image_icon_width=&#8221;24px&#8221; _builder_version=&#8221;4.25.1&#8243; _module_preset=&#8221;default&#8221; header_font=&#8221;|600|||||||&#8221; header_text_color=&#8221;#000000&#8243; body_font=&#8221;|300|||||||&#8221; body_text_color=&#8221;#000000&#8243; body_font_size=&#8221;18px&#8221; body_line_height=&#8221;1em&#8221; body_link_font=&#8221;|600|||||||&#8221; body_link_text_color=&#8221;#000000&#8243; body_link_font_size=&#8221;18px&#8221; custom_margin=&#8221;0px||0.75px||false|false&#8221; custom_padding=&#8221;12px||0.75px||false|false&#8221; hover_enabled=&#8221;0&#8243; global_colors_info=&#8221;{}&#8221; body_link_text_color__hover_enabled=&#8221;on|desktop&#8221; body_link_text_color__hover=&#8221;#bca21a&#8221; sticky_enabled=&#8221;0&#8243; min_height=&#8221;0px&#8221;]<\/p>\n<p><a href=\"tel:+34685970034\">Luciano Briga +39 328 685 8833<\/a> (<a href=\"mailto:info@cebrappresentanze.com\">info@cebrappresentanze.com)<\/a><\/p>\n<p>&nbsp;<\/p>\n<p>[\/et_pb_blurb][\/et_pb_column][\/et_pb_row][et_pb_row use_custom_gutter=&#8221;on&#8221; gutter_width=&#8221;1&#8243; make_equal=&#8221;on&#8221; _builder_version=&#8221;4.19.1&#8243; _module_preset=&#8221;default&#8221; width=&#8221;100%&#8221; max_width=&#8221;100%&#8221; custom_margin=&#8221;||||false|false&#8221; custom_padding=&#8221;|6.25%||6.25%|false|true&#8221; global_colors_info=&#8221;{}&#8221;][et_pb_column type=&#8221;4_4&#8243; _builder_version=&#8221;4.19.1&#8243; _module_preset=&#8221;default&#8221; custom_padding=&#8221;||||false|false&#8221; global_colors_info=&#8221;{}&#8221;][et_pb_map address=&#8221;Carretera Andaluc\u00eda, km 217, 13730 Santa Cruz de Mudela, Ciudad Real, Ciudad Real, Espa\u00f1a&#8221; address_lat=&#8221;38.636018&#8243; address_lng=&#8221;-3.474704&#8243; _builder_version=&#8221;4.19.1&#8243; _module_preset=&#8221;default&#8221; global_colors_info=&#8221;{}&#8221;][et_pb_map_pin title=&#8221;luxurytapas&#8221; pin_address=&#8221;Carretera Andaluc\u00eda, km 217, 13730 Santa Cruz de Mudela, Ciudad Real, Ciudad Real, Espa\u00f1a&#8221; pin_address_lat=&#8221;38.636018&#8243; pin_address_lng=&#8221;-3.474704&#8243; _builder_version=&#8221;4.19.1&#8243; _module_preset=&#8221;default&#8221; global_colors_info=&#8221;{}&#8221;][\/et_pb_map_pin][\/et_pb_map][\/et_pb_column][\/et_pb_row][\/et_pb_section]<\/p>\n","protected":false},"excerpt":{"rendered":"<p>Contattaci IL PARTNER IDEALE IN CUCINA: SIAMO CHEFS AL TUO SERVIZIOLasciaci i tuoi dati di contatto e comunicaci i prodotti che ti interessano.Nel pi\u00f9 breve tempo possibile, il nostro area manager ti contatter\u00e0 per indicarti il \u200b\u200bgrossista pi\u00f9 vicino e pi\u00f9 adatto alle tue esigenze.Informazioni di base sulla protezione dei datiResponsabile:DESARROLLO GASTRONOMICO SLFinalit\u00e1: Inviare le [&hellip;]<\/p>\n","protected":false},"author":2,"featured_media":0,"parent":0,"menu_order":0,"comment_status":"closed","ping_status":"closed","template":"","meta":{"_et_pb_use_builder":"on","_et_pb_old_content":"","_et_gb_content_width":"","footnotes":""},"class_list":["post-13352","page","type-page","status-publish","hentry"],"_links":{"self":[{"href":"https:\/\/www.luxurytapas.com\/it\/wp-json\/wp\/v2\/pages\/13352","targetHints":{"allow":["GET"]}}],"collection":[{"href":"https:\/\/www.luxurytapas.com\/it\/wp-json\/wp\/v2\/pages"}],"about":[{"href":"https:\/\/www.luxurytapas.com\/it\/wp-json\/wp\/v2\/types\/page"}],"author":[{"embeddable":true,"href":"https:\/\/www.luxurytapas.com\/it\/wp-json\/wp\/v2\/users\/2"}],"replies":[{"embeddable":true,"href":"https:\/\/www.luxurytapas.com\/it\/wp-json\/wp\/v2\/comments?post=13352"}],"version-history":[{"count":15,"href":"https:\/\/www.luxurytapas.com\/it\/wp-json\/wp\/v2\/pages\/13352\/revisions"}],"predecessor-version":[{"id":13956,"href":"https:\/\/www.luxurytapas.com\/it\/wp-json\/wp\/v2\/pages\/13352\/revisions\/13956"}],"wp:attachment":[{"href":"https:\/\/www.luxurytapas.com\/it\/wp-json\/wp\/v2\/media?parent=13352"}],"curies":[{"name":"wp","href":"https:\/\/api.w.org\/{rel}","templated":true}]}}