{"id":13655,"date":"2022-11-26T20:32:50","date_gmt":"2022-11-26T20:32:50","guid":{"rendered":"https:\/\/www.luxurytapas.com\/avviso-legale\/"},"modified":"2024-05-22T18:27:17","modified_gmt":"2024-05-22T18:27:17","slug":"avviso-legale","status":"publish","type":"page","link":"https:\/\/www.luxurytapas.com\/it\/avviso-legale\/","title":{"rendered":"Avviso legale"},"content":{"rendered":"<p>[et_pb_section fb_built=&#8221;1&#8243; _builder_version=&#8221;4.19.1&#8243; _module_preset=&#8221;default&#8221; global_colors_info=&#8221;{}&#8221;][et_pb_row use_custom_gutter=&#8221;on&#8221; gutter_width=&#8221;1&#8243; make_equal=&#8221;on&#8221; _builder_version=&#8221;4.19.1&#8243; _module_preset=&#8221;default&#8221; width=&#8221;100%&#8221; max_width=&#8221;100%&#8221; custom_margin=&#8221;0%||||false|false&#8221; custom_padding=&#8221;||||true|false&#8221; global_colors_info=&#8221;{}&#8221;][et_pb_column type=&#8221;4_4&#8243; _builder_version=&#8221;4.19.1&#8243; _module_preset=&#8221;default&#8221; custom_padding=&#8221;0%|||6.25%|false|false&#8221; global_colors_info=&#8221;{}&#8221;][et_pb_text _builder_version=&#8221;4.19.1&#8243; _module_preset=&#8221;default&#8221; header_2_font=&#8221;Times New Roman||||||||&#8221; header_2_text_align=&#8221;center&#8221; header_2_font_size=&#8221;50px&#8221; header_2_line_height=&#8221;1.3em&#8221; custom_margin=&#8221;0%||||false|false&#8221; custom_padding=&#8221;0%||||false|false&#8221; hover_enabled=&#8221;0&#8243; global_colors_info=&#8221;{}&#8221; sticky_enabled=&#8221;0&#8243;]<\/p>\n<h2>Avviso legale<\/h2>\n<p>[\/et_pb_text][\/et_pb_column][\/et_pb_row][et_pb_row use_custom_gutter=&#8221;on&#8221; gutter_width=&#8221;1&#8243; make_equal=&#8221;on&#8221; _builder_version=&#8221;4.19.1&#8243; _module_preset=&#8221;default&#8221; width=&#8221;100%&#8221; max_width=&#8221;100%&#8221; custom_margin=&#8221;||||false|false&#8221; global_colors_info=&#8221;{}&#8221;][et_pb_column type=&#8221;4_4&#8243; _builder_version=&#8221;4.19.1&#8243; _module_preset=&#8221;default&#8221; custom_padding=&#8221;|||12.5%|false|false&#8221; global_colors_info=&#8221;{}&#8221;][et_pb_text _builder_version=&#8221;4.19.1&#8243; _module_preset=&#8221;default&#8221; text_font=&#8221;Roboto|300|||||||&#8221; text_font_size=&#8221;16px&#8221; text_line_height=&#8221;1.3em&#8221; link_text_color=&#8221;#bca21a&#8221; custom_margin=&#8221;|25%|||false|false&#8221; hover_enabled=&#8221;0&#8243; global_colors_info=&#8221;{}&#8221; link_text_color__hover_enabled=&#8221;on|desktop&#8221; link_text_color__hover=&#8221;#000000&#8243; sticky_enabled=&#8221;0&#8243;]<\/p>\n<p><b>Titolare<br \/><\/b><b>Desarrollo Gastron\u00f3mico, S.L.<span> <\/span><\/b><span>(en adelante titular del sitio Web)<\/span><span> <\/span><span>P.IVA\/CIF\/NIF:<\/span><span> <\/span><span>B13623640<\/span><span>\u00e9 titolare del dominio https:\/\/www.luxurytapas.com\/. Con domicilio presso Pol\u00edgono Industrial Campo de la Aviaci\u00f3n, 40, <\/span> <span>C\u00f3d. Postale 13730 Santa Cruz de Mudela (C-Real). La societ\u00e1 \u00e9 iscritta al Registro Mercantil de Ciudad Real, Tomo 653, Folio 169, Hoja CR-30305.<\/span><span> <br \/><\/span><b>Tel\u00e9fono:<span> <\/span><\/b><a href=\"tel:+34%20926343220\"><b>+34 926343220 <\/b><\/a> <br \/><b>Email:<span> <\/span><\/b><b><a href=\"mailto:contacto@luxurytapas.com\">info@luxurytapas.com<\/a><br \/><a href=\"mailto:contacto@luxurytapas.com\"><\/a><\/b><b>Web:<span> <\/span><\/b><b><a href=\"https:\/\/www.luxurytapas.com\/it\/\">https:\/\/www.luxurytapas.com<\/a><\/p>\n<p><a href=\"https:\/\/www.luxurytapas.com\"><\/a><\/b><b>Objeto<br \/><\/b><span>Estas son las condiciones generales y en su caso, particulares que regulan el acceso y uso del sitio Web.<\/span><span> <\/span><\/p>\n<p><span>El presente sitio Web est\u00e1 dise\u00f1ado para dar a conocer y poner a disposici\u00f3n del p\u00fablico (en adelante, el usuario) que acceda al dominio <\/span><a href=\"https:\/\/luxurytapas.com\/\" target=\"_blank\" rel=\"noopener\"><span>https:\/\/www.luxurytapas.com<\/span><\/a><span> <\/span><span> (en adelante sitio Web) informaci\u00f3n, datos, productos y servicios (en adelante contenidos).<\/p>\n<p><\/span><b>Acceso<br \/><\/b><span>La persona que accede a este sitio Web adquiere la condici\u00f3n de Usuario del mismo. Esto implica el conocimiento y la aceptaci\u00f3n de las condiciones generales y en su caso, condiciones particulares que regulan su acceso y uso. Recomendamos el acceso peri\u00f3dico a las condiciones de utilizaci\u00f3n para conocer los cambios, modificaciones y actualizaciones que puedan producirse.<\/p>\n<p><\/span><span>El sitio Web comprende textos, gr\u00e1ficos, im\u00e1genes, videos, sonidos, dibujos, fotograf\u00edas y software incluidos en el mismo, ya sean susceptibles o no de propiedad intelectual.<\/p>\n<p><\/span><span>El acceso al sitio Web es gratuito, sin previa autorizaci\u00f3n, suscripci\u00f3n o registro, salvo para los contenidos y servicios espec\u00edficos en los que la suscripci\u00f3n o el registro del Usuario sea necesario y as\u00ed se determine en las condiciones generales o particulares.<\/p>\n<p><\/span><span>El servicio prestado es por tiempo indefinido. El sitio Web<\/span><span> <\/span><span>se compromete a mantener la calidad y la exactitud de los contenidos y uso en la medida de sus posibilidades. No obstante, esto no implica obligaci\u00f3n alguna sobre la calidad, exactitud de los contenidos y velocidad del acceso por parte del titular del sitio Web. El titular se reserva el derecho a modificar o actualizar las condiciones de acceso o suspender el acceso al sitio Web, o parte del sitio Web, sin previo aviso.<\/p>\n<p><\/span><span>Los Usuarios que accedan se comprometen en todo momento a no acceder al sitio Web y a los contenidos de forma contraria a la establecida y\/o con fines il\u00edcitos, lesivos de derechos y libertades de terceros, o que puedan da\u00f1ar, deteriorar, saturar o ralentizar el sitio Web, en perjuicio del titular del sitio Web o de terceros usuarios.<\/span><\/p>\n<p><span> <\/span><\/p>\n<p><b>Propiedad intelectual<\/p>\n<p><\/b><span>El titular del sitio Web<\/span><span> <\/span><span>es titular de los derechos de propiedad industrial e intelectual, as\u00ed como de los contenidos que alberga. A t\u00edtulo meramente enunciativo, se entender\u00e1n incluidas las informaciones, mensajes, gr\u00e1ficos, archivos de sonido e imagen, fotograf\u00edas, grabaciones, programas de ordenador, bases de datos, tecnolog\u00eda, know-how, marcas, signos distintivos, logos y en general cualquier clase de creaci\u00f3n o material accesible que sea de su propiedad, as\u00ed como del propio sitio Web.<\/p>\n<p><\/span><span>En el sitio Web tambi\u00e9n pueden ser accesibles contenidos, servicios e informaci\u00f3n, propiedad de terceros, cuyos derechos se encuentran igualmente protegidos por la legislaci\u00f3n vigente en materia de propiedad industrial e intelectual.<\/p>\n<p><\/span><b>Contenidos<\/p>\n<p><\/b><span>El acceso a los contenidos por parte del Usuario ser\u00e1 bajo su total responsabilidad, no pudiendo repercutir al titular cualquier consecuencia negativa derivada directa o indirectamente del acceso, ya sean de \u00e1mbito f\u00edsico, l\u00f3gico, moral o personal.<\/p>\n<p><\/span><span>Los contenidos tienen como finalidad informar y dar a conocer las actividades, productos y servicios prestados y son de car\u00e1cter orientativo.<\/p>\n<p><\/span><span>El titular del sitio Web podr\u00e1 modificar los contenidos, as\u00ed como suprimir y cambiar estos dentro del sitio Web, como la forma en que se accede, con el fin de mejorar la calidad de los mismos o corregir errores e intentando en todo momento minimizar las consecuencias negativas que estos cambios puedan provocar a los Usuarios.<\/p>\n<p><\/span><span>Cualquier uso del sitio Web o de sus contenidos deber\u00e1 tener un car\u00e1cter exclusivamente particular. Est\u00e1 reservado al titular del sitio Web cualquier otro uso que suponga la copia, reproducci\u00f3n, distribuci\u00f3n, transformaci\u00f3n, comunicaci\u00f3n p\u00fablica o cualquier otra acci\u00f3n similar de todo o parte de los contenidos del sitio Web, as\u00ed como del mismo, por lo que ning\u00fan Usuario podr\u00e1 llevar a cabo estas acciones para otros fines sin la autorizaci\u00f3n previa y por escrito del titular del sitio Web.<\/p>\n<p><\/span><span>No est\u00e1 permitido el uso de los contenidos para promocionar, contratar o divulgar publicidad o informaci\u00f3n propia o de terceras personas sin la autorizaci\u00f3n del titular del sitio Web, ni remitir publicidad o informaci\u00f3n, vali\u00e9ndose para ello de los servicios o informaci\u00f3n que se ponen a disposici\u00f3n de los Usuarios, independientemente de si la utilizaci\u00f3n es gratuita o no.<\/p>\n<p><\/span><span>Los enlaces o hiperenlaces que incorporen terceros en sus p\u00e1ginas Web, dirigidos a este sitio Web, ser\u00e1n para la apertura del sitio Web completo y desde la p\u00e1gina de inicio (home), no pudiendo manifestar, directa o indirectamente, indicaciones falsas, inexactas o confusas, ni incurrir en acciones desleales o il\u00edcitas en contra del titular del sitio Web.<\/p>\n<p><\/span><span>El titular del sitio Web ejerce mecanismos de control sobre la calidad de los enlaces (links) que se incorporen al sitio Web, no obstante, no puede responsabilizarse de la fiabilidad y rapidez de los mismos, no garantiza la utilidad de estos enlaces, ni de los contenidos o servicios a los que pueda acceder el Usuario por medio de estos enlaces, ni del buen funcionamiento de sitios Web de terceros.<\/p>\n<p><\/span><b>Jurisdicci\u00f3n<\/p>\n<p><\/b><span>Para cualquier controversia que pudiera surgir por la utilizaci\u00f3n del sitio Web o de los contenidos sujetos a estas condiciones, las partes se someten, con renuncia expresa a cualquier otro fuero, a los Juzgados y Tribunales competentes.<\/span><span> <\/span><\/p>\n<p>[\/et_pb_text][\/et_pb_column][\/et_pb_row][\/et_pb_section]<\/p>\n","protected":false},"excerpt":{"rendered":"<p>Avviso legaleTitolareDesarrollo Gastron\u00f3mico, S.L. (en adelante titular del sitio Web) P.IVA\/CIF\/NIF: B13623640\u00e9 titolare del dominio https:\/\/www.luxurytapas.com\/. Con domicilio presso Pol\u00edgono Industrial Campo de la Aviaci\u00f3n, 40, C\u00f3d. Postale 13730 Santa Cruz de Mudela (C-Real). La societ\u00e1 \u00e9 iscritta al Registro Mercantil de Ciudad Real, Tomo 653, Folio 169, Hoja CR-30305. Tel\u00e9fono: +34 926343220 Email: info@luxurytapas.comWeb: [&hellip;]<\/p>\n","protected":false},"author":2,"featured_media":0,"parent":0,"menu_order":0,"comment_status":"closed","ping_status":"closed","template":"","meta":{"_et_pb_use_builder":"on","_et_pb_old_content":"","_et_gb_content_width":"","footnotes":""},"class_list":["post-13655","page","type-page","status-publish","hentry"],"_links":{"self":[{"href":"https:\/\/www.luxurytapas.com\/it\/wp-json\/wp\/v2\/pages\/13655","targetHints":{"allow":["GET"]}}],"collection":[{"href":"https:\/\/www.luxurytapas.com\/it\/wp-json\/wp\/v2\/pages"}],"about":[{"href":"https:\/\/www.luxurytapas.com\/it\/wp-json\/wp\/v2\/types\/page"}],"author":[{"embeddable":true,"href":"https:\/\/www.luxurytapas.com\/it\/wp-json\/wp\/v2\/users\/2"}],"replies":[{"embeddable":true,"href":"https:\/\/www.luxurytapas.com\/it\/wp-json\/wp\/v2\/comments?post=13655"}],"version-history":[{"count":9,"href":"https:\/\/www.luxurytapas.com\/it\/wp-json\/wp\/v2\/pages\/13655\/revisions"}],"predecessor-version":[{"id":13667,"href":"https:\/\/www.luxurytapas.com\/it\/wp-json\/wp\/v2\/pages\/13655\/revisions\/13667"}],"wp:attachment":[{"href":"https:\/\/www.luxurytapas.com\/it\/wp-json\/wp\/v2\/media?parent=13655"}],"curies":[{"name":"wp","href":"https:\/\/api.w.org\/{rel}","templated":true}]}}